{"id":10178,"date":"2024-04-11T15:09:18","date_gmt":"2024-04-11T15:09:18","guid":{"rendered":"https:\/\/cac-cl.pt\/?page_id=10178"},"modified":"2025-07-24T11:31:03","modified_gmt":"2025-07-24T11:31:03","slug":"clinical-practice","status":"publish","type":"page","link":"https:\/\/cac-cl.pt\/pt\/clinical-practice\/","title":{"rendered":"Pr\u00e1tica Clinica"},"content":{"rendered":"\t\t<div data-elementor-type=\"wp-page\" data-elementor-id=\"10178\" class=\"elementor elementor-10178\">\n\t\t\t\t<div class=\"elementor-element elementor-element-6a7ae70 e-flex e-con-boxed e-con e-parent\" data-id=\"6a7ae70\" data-element_type=\"container\" data-e-type=\"container\">\n\t\t\t\t\t<div class=\"e-con-inner\">\n\t\t\t\t<div class=\"elementor-element elementor-element-cbaeeef elementor-widget elementor-widget-n-accordion\" data-id=\"cbaeeef\" data-element_type=\"widget\" data-e-type=\"widget\" data-settings=\"{&quot;default_state&quot;:&quot;expanded&quot;,&quot;max_items_expended&quot;:&quot;one&quot;,&quot;n_accordion_animation_duration&quot;:{&quot;unit&quot;:&quot;ms&quot;,&quot;size&quot;:400,&quot;sizes&quot;:[]}}\" data-widget_type=\"nested-accordion.default\">\n\t\t\t\t<div class=\"elementor-widget-container\">\n\t\t\t\t\t\t\t<div class=\"e-n-accordion\" aria-label=\"Accordion. Open links with Enter or Space, close with Escape, and navigate with Arrow Keys\">\n\t\t\t\t\t\t<details id=\"e-n-accordion-item-2130\" class=\"e-n-accordion-item\" open>\n\t\t\t\t<summary class=\"e-n-accordion-item-title\" data-accordion-index=\"1\" tabindex=\"0\" aria-expanded=\"true\" aria-controls=\"e-n-accordion-item-2130\" >\n\t\t\t\t\t<span class='e-n-accordion-item-title-header'><h6 class=\"e-n-accordion-item-title-text\"> Luz Sa\u00fade <\/h6><\/span>\n\t\t\t\t\t\t\t<span class='e-n-accordion-item-title-icon'>\n\t\t\t<span class='e-opened' ><svg aria-hidden=\"true\" class=\"e-font-icon-svg e-fas-minus\" viewBox=\"0 0 448 512\" xmlns=\"http:\/\/www.w3.org\/2000\/svg\"><path d=\"M416 208H32c-17.67 0-32 14.33-32 32v32c0 17.67 14.33 32 32 32h384c17.67 0 32-14.33 32-32v-32c0-17.67-14.33-32-32-32z\"><\/path><\/svg><\/span>\n\t\t\t<span class='e-closed'><svg aria-hidden=\"true\" class=\"e-font-icon-svg e-far-arrow-alt-circle-down\" viewBox=\"0 0 512 512\" xmlns=\"http:\/\/www.w3.org\/2000\/svg\"><path d=\"M256 8C119 8 8 119 8 256s111 248 248 248 248-111 248-248S393 8 256 8zm0 448c-110.5 0-200-89.5-200-200S145.5 56 256 56s200 89.5 200 200-89.5 200-200 200zm-32-316v116h-67c-10.7 0-16 12.9-8.5 20.5l99 99c4.7 4.7 12.3 4.7 17 0l99-99c7.6-7.6 2.2-20.5-8.5-20.5h-67V140c0-6.6-5.4-12-12-12h-40c-6.6 0-12 5.4-12 12z\"><\/path><\/svg><\/span>\n\t\t<\/span>\n\n\t\t\t\t\t\t<\/summary>\n\t\t\t\t<div role=\"region\" aria-labelledby=\"e-n-accordion-item-2130\" class=\"elementor-element elementor-element-35cb012 e-con-full e-flex e-con e-child\" data-id=\"35cb012\" data-element_type=\"container\" data-e-type=\"container\">\n\t\t\t\t<div class=\"elementor-element elementor-element-ca82f52 elementor-widget elementor-widget-text-editor\" data-id=\"ca82f52\" data-element_type=\"widget\" data-e-type=\"widget\" data-widget_type=\"text-editor.default\">\n\t\t\t\t<div class=\"elementor-widget-container\">\n\t\t\t\t\t\t\t\t\t<p><a href=\"https:\/\/www.luzsaude.pt\/pt\/\">Luz Sa\u00fade<\/a>, SA, leads one of the largest healthcare groups in expansion and provides services in all medical and surgical areas through 27 units (including 14 private hospitals, 11 private clinics and 2 senior residences). In particular,\u00a0<a href=\"https:\/\/www.hospitaldaluz.pt\/lisboa\/pt\/\">Hospital da Luz Lisboa<\/a>\u00a0guarantees cutting-edge medicine, with rooms prepared for all kinds of procedures, namely robotic surgery (Da Vinci Si HD) and minimally invasive surgery (OR1 intelligent room), neurosurgery (neuronavigation system), as well as intraoperative computed tomography (CT).<\/p><p>The hospital runs a comprehensive training programme aimed at all health professionals and meets existing certifications, with the support of\u00a0<a href=\"https:\/\/www.hospitaldaluz.pt\/learninghealth\/pt\/\">Hospital da Luz Learning Health<\/a>.<\/p><p>Of particular note is the wide range of specific areas for theoretical classes and practical and simulated training for students at its new hospital:<\/p><ul><li>Two auditoriums with capacity for 80 and 220 seats, equipped with state-of-the-art technology that allows simultaneous connection to operating theatres, procedure rooms and\/or spaces in the simulation centre;<\/li><li>Multidisciplinary consultation room with seating for 40, which allows images to be viewed with excellent resolution, electronic clinical records to be consulted and filled in by the team, and remote connection to specialists;<\/li><li>1,300m2 simulation centre, on a par with the best in the world;<\/li><li>Innovation lab with 100m2.<\/li><\/ul>\t\t\t\t\t\t\t\t<\/div>\n\t\t\t\t<\/div>\n\t\t\t\t<\/div>\n\t\t\t\t\t<\/details>\n\t\t\t\t\t\t<details id=\"e-n-accordion-item-2131\" class=\"e-n-accordion-item\" >\n\t\t\t\t<summary class=\"e-n-accordion-item-title\" data-accordion-index=\"2\" tabindex=\"-1\" aria-expanded=\"false\" aria-controls=\"e-n-accordion-item-2131\" >\n\t\t\t\t\t<span class='e-n-accordion-item-title-header'><h6 class=\"e-n-accordion-item-title-text\"> Uni\u00e3o das Miseric\u00f3rdias Portuguesas <\/h6><\/span>\n\t\t\t\t\t\t\t<span class='e-n-accordion-item-title-icon'>\n\t\t\t<span class='e-opened' ><svg aria-hidden=\"true\" class=\"e-font-icon-svg e-fas-minus\" viewBox=\"0 0 448 512\" xmlns=\"http:\/\/www.w3.org\/2000\/svg\"><path d=\"M416 208H32c-17.67 0-32 14.33-32 32v32c0 17.67 14.33 32 32 32h384c17.67 0 32-14.33 32-32v-32c0-17.67-14.33-32-32-32z\"><\/path><\/svg><\/span>\n\t\t\t<span class='e-closed'><svg aria-hidden=\"true\" class=\"e-font-icon-svg e-far-arrow-alt-circle-down\" viewBox=\"0 0 512 512\" xmlns=\"http:\/\/www.w3.org\/2000\/svg\"><path d=\"M256 8C119 8 8 119 8 256s111 248 248 248 248-111 248-248S393 8 256 8zm0 448c-110.5 0-200-89.5-200-200S145.5 56 256 56s200 89.5 200 200-89.5 200-200 200zm-32-316v116h-67c-10.7 0-16 12.9-8.5 20.5l99 99c4.7 4.7 12.3 4.7 17 0l99-99c7.6-7.6 2.2-20.5-8.5-20.5h-67V140c0-6.6-5.4-12-12-12h-40c-6.6 0-12 5.4-12 12z\"><\/path><\/svg><\/span>\n\t\t<\/span>\n\n\t\t\t\t\t\t<\/summary>\n\t\t\t\t<div role=\"region\" aria-labelledby=\"e-n-accordion-item-2131\" class=\"elementor-element elementor-element-2774f7b e-con-full e-flex e-con e-child\" data-id=\"2774f7b\" data-element_type=\"container\" data-e-type=\"container\">\n\t\t\t\t<div class=\"elementor-element elementor-element-ab4f783 elementor-widget elementor-widget-text-editor\" data-id=\"ab4f783\" data-element_type=\"widget\" data-e-type=\"widget\" data-widget_type=\"text-editor.default\">\n\t\t\t\t<div class=\"elementor-widget-container\">\n\t\t\t\t\t\t\t\t\t<p>For more than 500 years, the <a href=\"https:\/\/www.ump.pt\/\">Uni\u00e3o das Miseric\u00f3rdias Portuguesas<\/a> have been providing social and health support in the community, always adapted to the needs of each time.<\/p><p>With vast experience in health care, they have reference units in hospital care and, throughout the territory, in the area of long-term care and primary health care, thus ensuring continuity of care at local level.<\/p><p>In addition to the well-being of the people who come to their units, the Miseric\u00f3rdias promote a national strategy for the local and coordinated organisation of healthcare.<\/p>\t\t\t\t\t\t\t\t<\/div>\n\t\t\t\t<\/div>\n\t\t\t\t<\/div>\n\t\t\t\t\t<\/details>\n\t\t\t\t\t<\/div>\n\t\t\t\t\t<script type=\"application\/ld+json\">{\"@context\":\"https:\\\/\\\/schema.org\",\"@type\":\"FAQPage\",\"mainEntity\":[{\"@type\":\"Question\",\"name\":\"Luz Sa\\u00fade\",\"acceptedAnswer\":{\"@type\":\"Answer\",\"text\":\"Luz Sa\\u00fade, SA, leads one of the largest healthcare groups in expansion and provides services in all medical and surgical areas through 27 units (including 14 private hospitals, 11 private clinics and 2 senior residences). In particular,\\u00a0Hospital da Luz Lisboa\\u00a0guarantees cutting-edge medicine, with rooms prepared for all kinds of procedures, namely robotic surgery (Da Vinci Si HD) and minimally invasive surgery (OR1 intelligent room), neurosurgery (neuronavigation system), as well as intraoperative computed tomography (CT).The hospital runs a comprehensive training programme aimed at all health professionals and meets existing certifications, with the support of\\u00a0Hospital da Luz Learning Health.Of particular note is the wide range of specific areas for theoretical classes and practical and simulated training for students at its new hospital:Two auditoriums with capacity for 80 and 220 seats, equipped with state-of-the-art technology that allows simultaneous connection to operating theatres, procedure rooms and\\\/or spaces in the simulation centre;Multidisciplinary consultation room with seating for 40, which allows images to be viewed with excellent resolution, electronic clinical records to be consulted and filled in by the team, and remote connection to specialists;1,300m2 simulation centre, on a par with the best in the world;Innovation lab with 100m2.\"}},{\"@type\":\"Question\",\"name\":\"Uni\\u00e3o das Miseric\\u00f3rdias Portuguesas\",\"acceptedAnswer\":{\"@type\":\"Answer\",\"text\":\"For more than 500 years, the Uni\\u00e3o das Miseric\\u00f3rdias Portuguesas have been providing social and health support in the community, always adapted to the needs of each time.With vast experience in health care, they have reference units in hospital care and, throughout the territory, in the area of long-term care and primary health care, thus ensuring continuity of care at local level.In addition to the well-being of the people who come to their units, the Miseric\\u00f3rdias promote a national strategy for the local and coordinated organisation of healthcare.\"}}]}<\/script>\n\t\t\t\t\t\t\t<\/div>\n\t\t\t\t<\/div>\n\t\t\t\t\t<\/div>\n\t\t\t\t<\/div>\n\t\t\t\t<\/div>\n\t\t","protected":false},"excerpt":{"rendered":"<p>Luz Sa\u00fade Luz Sa\u00fade, SA, leads one of the largest healthcare groups in expansion and provides services in all medical and surgical areas through 27 units (including 14 private hospitals, 11 private clinics and 2 senior residences). In particular,\u00a0Hospital da Luz Lisboa\u00a0guarantees cutting-edge medicine, with rooms prepared for all kinds of procedures, namely robotic surgery [&hellip;]<\/p>\n","protected":false},"author":1,"featured_media":0,"parent":0,"menu_order":0,"comment_status":"closed","ping_status":"closed","template":"","meta":{"_acf_changed":false,"inline_featured_image":false,"footnotes":""},"class_list":["post-10178","page","type-page","status-publish","hentry"],"acf":[],"yoast_head":"<!-- This site is optimized with the Yoast SEO plugin v27.5 - https:\/\/yoast.com\/product\/yoast-seo-wordpress\/ -->\n<title>Clinical Practice | Centro Acad\u00e9mico Cl\u00ednico Cat\u00f3lica Luz (CAC-CL)<\/title>\n<meta name=\"description\" content=\"Luz Sa\u00fade, SA, leads one of the largest healthcare groups in expansion and provides services in all medical and surgical areas...\" \/>\n<meta name=\"robots\" content=\"index, follow, max-snippet:-1, max-image-preview:large, max-video-preview:-1\" \/>\n<link rel=\"canonical\" href=\"https:\/\/cac-cl.pt\/pt\/clinical-practice\/\" \/>\n<meta property=\"og:locale\" content=\"pt_PT\" \/>\n<meta property=\"og:type\" content=\"article\" \/>\n<meta property=\"og:title\" content=\"Clinical Practice | Centro Acad\u00e9mico Cl\u00ednico Cat\u00f3lica Luz (CAC-CL)\" \/>\n<meta property=\"og:description\" content=\"Luz Sa\u00fade, SA, leads one of the largest healthcare groups in expansion and provides services in all medical and surgical areas...\" \/>\n<meta property=\"og:url\" content=\"https:\/\/cac-cl.pt\/pt\/clinical-practice\/\" \/>\n<meta property=\"og:site_name\" content=\"Centro Acad\u00e9mico Cl\u00ednico Cat\u00f3lica Luz (CAC-CL)\" \/>\n<meta property=\"article:modified_time\" content=\"2025-07-24T11:31:03+00:00\" \/>\n<meta property=\"og:image\" content=\"https:\/\/cac-cl.pt\/wp-content\/uploads\/2024\/04\/cropped-CAC_Logotipo_Principal_Positivo-e1712844263631.png\" \/>\n\t<meta property=\"og:image:width\" content=\"2249\" \/>\n\t<meta property=\"og:image:height\" content=\"1409\" \/>\n\t<meta property=\"og:image:type\" content=\"image\/png\" \/>\n<meta name=\"twitter:card\" content=\"summary_large_image\" \/>\n<meta name=\"twitter:label1\" content=\"Tempo estimado de leitura\" \/>\n\t<meta name=\"twitter:data1\" content=\"4 minutos\" \/>\n<script type=\"application\/ld+json\" class=\"yoast-schema-graph\">{\"@context\":\"https:\\\/\\\/schema.org\",\"@graph\":[{\"@type\":\"WebPage\",\"@id\":\"https:\\\/\\\/cac-cl.pt\\\/clinical-practice\\\/\",\"url\":\"https:\\\/\\\/cac-cl.pt\\\/clinical-practice\\\/\",\"name\":\"Clinical Practice | Centro Acad\u00e9mico Cl\u00ednico Cat\u00f3lica Luz (CAC-CL)\",\"isPartOf\":{\"@id\":\"https:\\\/\\\/cac-cl.pt\\\/#website\"},\"datePublished\":\"2024-04-11T15:09:18+00:00\",\"dateModified\":\"2025-07-24T11:31:03+00:00\",\"description\":\"Luz Sa\u00fade, SA, leads one of the largest healthcare groups in expansion and provides services in all medical and surgical areas...\",\"breadcrumb\":{\"@id\":\"https:\\\/\\\/cac-cl.pt\\\/clinical-practice\\\/#breadcrumb\"},\"inLanguage\":\"pt-PT\",\"potentialAction\":[{\"@type\":\"ReadAction\",\"target\":[\"https:\\\/\\\/cac-cl.pt\\\/clinical-practice\\\/\"]}]},{\"@type\":\"BreadcrumbList\",\"@id\":\"https:\\\/\\\/cac-cl.pt\\\/clinical-practice\\\/#breadcrumb\",\"itemListElement\":[{\"@type\":\"ListItem\",\"position\":1,\"name\":\"In\u00edcio\",\"item\":\"https:\\\/\\\/cac-cl.pt\\\/\"},{\"@type\":\"ListItem\",\"position\":2,\"name\":\"Clinical Practice\"}]},{\"@type\":\"WebSite\",\"@id\":\"https:\\\/\\\/cac-cl.pt\\\/#website\",\"url\":\"https:\\\/\\\/cac-cl.pt\\\/\",\"name\":\"Centro Acad\u00e9mico Cl\u00ednico Cat\u00f3lica Luz (CAC-CL)\",\"description\":\"Centro Acad\u00e9mico Cl\u00ednico Cat\u00f3lica Luz\",\"publisher\":{\"@id\":\"https:\\\/\\\/cac-cl.pt\\\/#organization\"},\"alternateName\":\"CAC-CL\",\"potentialAction\":[{\"@type\":\"SearchAction\",\"target\":{\"@type\":\"EntryPoint\",\"urlTemplate\":\"https:\\\/\\\/cac-cl.pt\\\/?s={search_term_string}\"},\"query-input\":{\"@type\":\"PropertyValueSpecification\",\"valueRequired\":true,\"valueName\":\"search_term_string\"}}],\"inLanguage\":\"pt-PT\"},{\"@type\":\"Organization\",\"@id\":\"https:\\\/\\\/cac-cl.pt\\\/#organization\",\"name\":\"Centro Acad\u00e9mico Cl\u00ednico Cat\u00f3lica Luz (CAC-CL)\",\"alternateName\":\"CAC-CL\",\"url\":\"https:\\\/\\\/cac-cl.pt\\\/\",\"logo\":{\"@type\":\"ImageObject\",\"inLanguage\":\"pt-PT\",\"@id\":\"https:\\\/\\\/cac-cl.pt\\\/#\\\/schema\\\/logo\\\/image\\\/\",\"url\":\"https:\\\/\\\/cac-cl.pt\\\/wp-content\\\/uploads\\\/2024\\\/04\\\/cropped-CAC_Logotipo_Principal_Positivo-e1712844263631.png\",\"contentUrl\":\"https:\\\/\\\/cac-cl.pt\\\/wp-content\\\/uploads\\\/2024\\\/04\\\/cropped-CAC_Logotipo_Principal_Positivo-e1712844263631.png\",\"width\":2249,\"height\":1409,\"caption\":\"Centro Acad\u00e9mico Cl\u00ednico Cat\u00f3lica Luz (CAC-CL)\"},\"image\":{\"@id\":\"https:\\\/\\\/cac-cl.pt\\\/#\\\/schema\\\/logo\\\/image\\\/\"},\"sameAs\":[\"https:\\\/\\\/www.linkedin.com\\\/company\\\/caolica-luz-cac\\\/\",\"https:\\\/\\\/www.instagram.com\\\/caccl.pt\\\/\",\"https:\\\/\\\/pt.pinterest.com\\\/catolicaluz\\\/\"]}]}<\/script>\n<!-- \/ Yoast SEO plugin. -->","yoast_head_json":{"title":"Clinical Practice | Centro Acad\u00e9mico Cl\u00ednico Cat\u00f3lica Luz (CAC-CL)","description":"Luz Sa\u00fade, SA, leads one of the largest healthcare groups in expansion and provides services in all medical and surgical areas...","robots":{"index":"index","follow":"follow","max-snippet":"max-snippet:-1","max-image-preview":"max-image-preview:large","max-video-preview":"max-video-preview:-1"},"canonical":"https:\/\/cac-cl.pt\/pt\/clinical-practice\/","og_locale":"pt_PT","og_type":"article","og_title":"Clinical Practice | Centro Acad\u00e9mico Cl\u00ednico Cat\u00f3lica Luz (CAC-CL)","og_description":"Luz Sa\u00fade, SA, leads one of the largest healthcare groups in expansion and provides services in all medical and surgical areas...","og_url":"https:\/\/cac-cl.pt\/pt\/clinical-practice\/","og_site_name":"Centro Acad\u00e9mico Cl\u00ednico Cat\u00f3lica Luz (CAC-CL)","article_modified_time":"2025-07-24T11:31:03+00:00","og_image":[{"width":2249,"height":1409,"url":"https:\/\/cac-cl.pt\/wp-content\/uploads\/2024\/04\/cropped-CAC_Logotipo_Principal_Positivo-e1712844263631.png","type":"image\/png"}],"twitter_card":"summary_large_image","twitter_misc":{"Tempo estimado de leitura":"4 minutos"},"schema":{"@context":"https:\/\/schema.org","@graph":[{"@type":"WebPage","@id":"https:\/\/cac-cl.pt\/clinical-practice\/","url":"https:\/\/cac-cl.pt\/clinical-practice\/","name":"Clinical Practice | Centro Acad\u00e9mico Cl\u00ednico Cat\u00f3lica Luz (CAC-CL)","isPartOf":{"@id":"https:\/\/cac-cl.pt\/#website"},"datePublished":"2024-04-11T15:09:18+00:00","dateModified":"2025-07-24T11:31:03+00:00","description":"Luz Sa\u00fade, SA, leads one of the largest healthcare groups in expansion and provides services in all medical and surgical areas...","breadcrumb":{"@id":"https:\/\/cac-cl.pt\/clinical-practice\/#breadcrumb"},"inLanguage":"pt-PT","potentialAction":[{"@type":"ReadAction","target":["https:\/\/cac-cl.pt\/clinical-practice\/"]}]},{"@type":"BreadcrumbList","@id":"https:\/\/cac-cl.pt\/clinical-practice\/#breadcrumb","itemListElement":[{"@type":"ListItem","position":1,"name":"In\u00edcio","item":"https:\/\/cac-cl.pt\/"},{"@type":"ListItem","position":2,"name":"Clinical Practice"}]},{"@type":"WebSite","@id":"https:\/\/cac-cl.pt\/#website","url":"https:\/\/cac-cl.pt\/","name":"Centro Acad\u00e9mico Cl\u00ednico Cat\u00f3lica Luz (CAC-CL)","description":"Centro Acad\u00e9mico Cl\u00ednico Cat\u00f3lica Luz","publisher":{"@id":"https:\/\/cac-cl.pt\/#organization"},"alternateName":"CAC-CL","potentialAction":[{"@type":"SearchAction","target":{"@type":"EntryPoint","urlTemplate":"https:\/\/cac-cl.pt\/?s={search_term_string}"},"query-input":{"@type":"PropertyValueSpecification","valueRequired":true,"valueName":"search_term_string"}}],"inLanguage":"pt-PT"},{"@type":"Organization","@id":"https:\/\/cac-cl.pt\/#organization","name":"Centro Acad\u00e9mico Cl\u00ednico Cat\u00f3lica Luz (CAC-CL)","alternateName":"CAC-CL","url":"https:\/\/cac-cl.pt\/","logo":{"@type":"ImageObject","inLanguage":"pt-PT","@id":"https:\/\/cac-cl.pt\/#\/schema\/logo\/image\/","url":"https:\/\/cac-cl.pt\/wp-content\/uploads\/2024\/04\/cropped-CAC_Logotipo_Principal_Positivo-e1712844263631.png","contentUrl":"https:\/\/cac-cl.pt\/wp-content\/uploads\/2024\/04\/cropped-CAC_Logotipo_Principal_Positivo-e1712844263631.png","width":2249,"height":1409,"caption":"Centro Acad\u00e9mico Cl\u00ednico Cat\u00f3lica Luz (CAC-CL)"},"image":{"@id":"https:\/\/cac-cl.pt\/#\/schema\/logo\/image\/"},"sameAs":["https:\/\/www.linkedin.com\/company\/caolica-luz-cac\/","https:\/\/www.instagram.com\/caccl.pt\/","https:\/\/pt.pinterest.com\/catolicaluz\/"]}]}},"_links":{"self":[{"href":"https:\/\/cac-cl.pt\/pt\/wp-json\/wp\/v2\/pages\/10178","targetHints":{"allow":["GET"]}}],"collection":[{"href":"https:\/\/cac-cl.pt\/pt\/wp-json\/wp\/v2\/pages"}],"about":[{"href":"https:\/\/cac-cl.pt\/pt\/wp-json\/wp\/v2\/types\/page"}],"author":[{"embeddable":true,"href":"https:\/\/cac-cl.pt\/pt\/wp-json\/wp\/v2\/users\/1"}],"replies":[{"embeddable":true,"href":"https:\/\/cac-cl.pt\/pt\/wp-json\/wp\/v2\/comments?post=10178"}],"version-history":[{"count":19,"href":"https:\/\/cac-cl.pt\/pt\/wp-json\/wp\/v2\/pages\/10178\/revisions"}],"predecessor-version":[{"id":13473,"href":"https:\/\/cac-cl.pt\/pt\/wp-json\/wp\/v2\/pages\/10178\/revisions\/13473"}],"wp:attachment":[{"href":"https:\/\/cac-cl.pt\/pt\/wp-json\/wp\/v2\/media?parent=10178"}],"curies":[{"name":"wp","href":"https:\/\/api.w.org\/{rel}","templated":true}]}}