{"id":10823,"date":"2024-04-21T20:32:22","date_gmt":"2024-04-21T20:32:22","guid":{"rendered":"https:\/\/cac-cl.pt\/?page_id=10823"},"modified":"2025-11-10T14:47:42","modified_gmt":"2025-11-10T14:47:42","slug":"registration-form","status":"publish","type":"page","link":"https:\/\/cac-cl.pt\/pt\/registration-form\/","title":{"rendered":"4th Edition Global Pharma Executive Course &#8211; Registration Confirmation"},"content":{"rendered":"\t\t<div data-elementor-type=\"wp-page\" data-elementor-id=\"10823\" class=\"elementor elementor-10823\">\n\t\t\t\t<div class=\"elementor-element elementor-element-9e0cd57 e-flex e-con-boxed e-con e-parent\" data-id=\"9e0cd57\" data-element_type=\"container\" data-e-type=\"container\">\n\t\t\t\t\t<div class=\"e-con-inner\">\n\t\t\t\t<div class=\"elementor-element elementor-element-fd3e5bd elementor-widget elementor-widget-image\" data-id=\"fd3e5bd\" data-element_type=\"widget\" data-e-type=\"widget\" data-widget_type=\"image.default\">\n\t\t\t\t<div class=\"elementor-widget-container\">\n\t\t\t\t\t\t\t\t\t\t\t\t\t\t\t<img fetchpriority=\"high\" decoding=\"async\" width=\"640\" height=\"800\" src=\"https:\/\/cac-cl.pt\/wp-content\/uploads\/2025\/10\/01_Comms_GP4_GenH_-1-768x960.png\" class=\"attachment-medium_large size-medium_large wp-image-13989\" alt=\"\" srcset=\"https:\/\/cac-cl.pt\/wp-content\/uploads\/2025\/10\/01_Comms_GP4_GenH_-1-768x960.png 768w, https:\/\/cac-cl.pt\/wp-content\/uploads\/2025\/10\/01_Comms_GP4_GenH_-1-240x300.png 240w, https:\/\/cac-cl.pt\/wp-content\/uploads\/2025\/10\/01_Comms_GP4_GenH_-1-819x1024.png 819w, https:\/\/cac-cl.pt\/wp-content\/uploads\/2025\/10\/01_Comms_GP4_GenH_-1-1229x1536.png 1229w, https:\/\/cac-cl.pt\/wp-content\/uploads\/2025\/10\/01_Comms_GP4_GenH_-1-1638x2048.png 1638w, https:\/\/cac-cl.pt\/wp-content\/uploads\/2025\/10\/01_Comms_GP4_GenH_-1-10x12.png 10w, https:\/\/cac-cl.pt\/wp-content\/uploads\/2025\/10\/01_Comms_GP4_GenH_-1-scaled.png 2048w\" sizes=\"(max-width: 640px) 100vw, 640px\" \/>\t\t\t\t\t\t\t\t\t\t\t\t\t\t\t<\/div>\n\t\t\t\t<\/div>\n\t\t\t\t\t<\/div>\n\t\t\t\t<\/div>\n\t\t<div class=\"elementor-element elementor-element-38f0e39 e-flex e-con-boxed e-con e-parent\" data-id=\"38f0e39\" data-element_type=\"container\" data-e-type=\"container\" data-settings=\"{&quot;background_background&quot;:&quot;classic&quot;}\">\n\t\t\t\t\t<div class=\"e-con-inner\">\n\t\t\t\t<div class=\"elementor-element elementor-element-60800d8 elementor-widget elementor-widget-shortcode\" data-id=\"60800d8\" data-element_type=\"widget\" data-e-type=\"widget\" data-widget_type=\"shortcode.default\">\n\t\t\t\t<div class=\"elementor-widget-container\">\n\t\t\t\t\t\t\t<div class=\"elementor-shortcode\">\n<div class=\"wpcf7 no-js\" id=\"wpcf7-f13985-o1\" lang=\"pt-PT\" dir=\"ltr\" data-wpcf7-id=\"13985\">\n<div class=\"screen-reader-response\"><p role=\"status\" aria-live=\"polite\" aria-atomic=\"true\"><\/p> <ul><\/ul><\/div>\n<form action=\"\/pt\/wp-json\/wp\/v2\/pages\/10823#wpcf7-f13985-o1\" method=\"post\" class=\"wpcf7-form init\" aria-label=\"Formul\u00e1rio de contacto\" novalidate=\"novalidate\" data-status=\"init\">\n<fieldset class=\"hidden-fields-container\"><input type=\"hidden\" name=\"_wpcf7\" value=\"13985\" \/><input type=\"hidden\" name=\"_wpcf7_version\" value=\"6.1.5\" \/><input type=\"hidden\" name=\"_wpcf7_locale\" value=\"pt_PT\" \/><input type=\"hidden\" name=\"_wpcf7_unit_tag\" value=\"wpcf7-f13985-o1\" \/><input type=\"hidden\" name=\"_wpcf7_container_post\" value=\"0\" \/><input type=\"hidden\" name=\"_wpcf7_posted_data_hash\" value=\"\" \/>\n<\/fieldset>\n<style>\nh5 {\n   padding-top: 50px;\n}\n\nlabel {\n   padding-left: 10px;\n}\n\n.contact-form {\n   padding: 30px;  \/* Increase padding inside the container *\/\n   margin: 30px;   \/* Add margin around the container *\/\n   border-radius: 20px;  \/* Rounded corners *\/\n   background-color: #ffffff;\n}\n\ninput[type=\"text\"], input[type=\"email\"], input[type=\"tel\"], input[type=\"number\"], \ninput[type=\"date\"], select, textarea {\n    padding: 10px;  \/* Padding inside input elements *\/\n    margin-bottom: 10px;  \/* Space between fields *\/\n    border-radius: 50px;  \/* Rounded corners for inputs *\/\n}\n<\/style>\n\n<div class=\"contact-form header-form\">\n  <div class=\"col-row\"> \n  <h4> Registration Confirmation: 4th Edition Global Pharma Executive Course<\/h4>\n    <div class=\"col-md-12\">\n\n<h5>Personal Information<\/h5>\n    <div class=\"col-md-12\"> <label>First Name<\/label> <span class=\"wpcf7-form-control-wrap\" data-name=\"your-first-name\"><input size=\"40\" maxlength=\"400\" class=\"wpcf7-form-control wpcf7-text wpcf7-validates-as-required\" aria-required=\"true\" aria-invalid=\"false\" value=\"\" type=\"text\" name=\"your-first-name\" \/><\/span> <\/div>\n    <div class=\"col-md-12\"> <label>Last Name<\/label> <span class=\"wpcf7-form-control-wrap\" data-name=\"your-last-name\"><input size=\"40\" maxlength=\"400\" class=\"wpcf7-form-control wpcf7-text wpcf7-validates-as-required\" aria-required=\"true\" aria-invalid=\"false\" value=\"\" type=\"text\" name=\"your-last-name\" \/><\/span> <\/div>\n    <div class=\"col-md-12\"> <label>Email Address<\/label> <span class=\"wpcf7-form-control-wrap\" data-name=\"email\"><input size=\"40\" maxlength=\"400\" class=\"wpcf7-form-control wpcf7-email wpcf7-validates-as-required wpcf7-text wpcf7-validates-as-email\" aria-required=\"true\" aria-invalid=\"false\" placeholder=\"example@gmail.com\" value=\"\" type=\"email\" name=\"email\" \/><\/span> <\/div>\n    <span class=\"col-md-6\"> <label> Date of Birth <\/label> <span class=\"wpcf7-form-control-wrap\" data-name=\"birthday\"><input class=\"wpcf7-form-control wpcf7-date wpcf7-validates-as-required wpcf7-validates-as-date\" aria-required=\"true\" aria-invalid=\"false\" value=\"\" type=\"date\" name=\"birthday\" \/><\/span> <\/span>\n\n    <h5>Professional Information<\/h5>\n    <div class=\"col-md-12\"> <label>Company<\/label> <span class=\"wpcf7-form-control-wrap\" data-name=\"your-company\"><input size=\"40\" maxlength=\"400\" class=\"wpcf7-form-control wpcf7-text\" aria-invalid=\"false\" value=\"\" type=\"text\" name=\"your-company\" \/><\/span> <\/div>\n    <div class=\"col-md-12\"> <label>Profession<\/label> <span class=\"wpcf7-form-control-wrap\" data-name=\"your-profession\"><input size=\"40\" maxlength=\"400\" class=\"wpcf7-form-control wpcf7-text\" aria-invalid=\"false\" value=\"\" type=\"text\" name=\"your-profession\" \/><\/span> <\/div>\n\n   <h5>Invoice details<\/h5>\n  \n    <span class=\"col-md-6\"> <label> NIF\/VAT <\/label> <span class=\"wpcf7-form-control-wrap\" data-name=\"inv_nif\"><input size=\"40\" maxlength=\"400\" class=\"wpcf7-form-control wpcf7-text wpcf7-validates-as-required\" aria-required=\"true\" aria-invalid=\"false\" value=\"\" type=\"text\" name=\"inv_nif\" \/><\/span> <\/span> \n    <div class=\"col-md-12\"> <label> Address <\/label> <span class=\"wpcf7-form-control-wrap\" data-name=\"inv_address\"><input size=\"40\" maxlength=\"400\" class=\"wpcf7-form-control wpcf7-text wpcf7-validates-as-required\" aria-required=\"true\" aria-invalid=\"false\" value=\"\" type=\"text\" name=\"inv_address\" \/><\/span> <\/div>\n    <div class=\"col-md-12\"> <label> Zip Code <\/label> <span class=\"wpcf7-form-control-wrap\" data-name=\"inv_zipcode\"><input size=\"40\" maxlength=\"400\" class=\"wpcf7-form-control wpcf7-text wpcf7-validates-as-required\" aria-required=\"true\" aria-invalid=\"false\" value=\"\" type=\"text\" name=\"inv_zipcode\" \/><\/span> <\/div>\n\n    <div class=\"col-md-12\"><input class=\"wpcf7-form-control wpcf7-submit has-spinner\" type=\"submit\" value=\"Submit\" \/>\n    <\/div>\n  <\/div>\n<\/div><div class=\"wpcf7-response-output\" aria-hidden=\"true\"><\/div>\n<\/form>\n<\/div>\n<\/div>\n\t\t\t\t\t\t<\/div>\n\t\t\t\t<\/div>\n\t\t\t\t<div class=\"elementor-element elementor-element-b0fac22 elementor-widget elementor-widget-text-editor\" data-id=\"b0fac22\" data-element_type=\"widget\" data-e-type=\"widget\" data-widget_type=\"text-editor.default\">\n\t\t\t\t<div class=\"elementor-widget-container\">\n\t\t\t\t\t\t\t\t\t<h6><b>Do you have any questions or want to know more details about this 4th edition?\u00a0<\/b><\/h6><h6><b>Please reach out to: <a href=\"mailto:dguedelha@ucp.pt\">dguedelha@ucp.pt<\/a> or <a href=\"mailto:aconstante@ucp.pt\">aconstante@ucp.pt<\/a><\/b><\/h6>\t\t\t\t\t\t\t\t<\/div>\n\t\t\t\t<\/div>\n\t\t\t\t\t<\/div>\n\t\t\t\t<\/div>\n\t\t\t\t<\/div>\n\t\t","protected":false},"excerpt":{"rendered":"<p>Do you have any questions or want to know more details about this 4th edition?\u00a0 Please reach out to: dguedelha@ucp.pt or aconstante@ucp.pt<\/p>","protected":false},"author":1,"featured_media":0,"parent":0,"menu_order":0,"comment_status":"closed","ping_status":"closed","template":"","meta":{"_acf_changed":false,"inline_featured_image":false,"footnotes":""},"class_list":["post-10823","page","type-page","status-publish","hentry"],"acf":[],"yoast_head":"<!-- This site is optimized with the Yoast SEO plugin v27.4 - https:\/\/yoast.com\/product\/yoast-seo-wordpress\/ -->\n<title>4th Edition Global Pharma Executive Course - Registration Confirmation | Centro Acad\u00e9mico Cl\u00ednico Cat\u00f3lica Luz (CAC-CL)<\/title>\n<meta name=\"description\" content=\"Register here for our Global Pharma Industry Executive Course while the applications are open. Don&#039;t miss this opportunity!\" \/>\n<meta name=\"robots\" content=\"index, follow, max-snippet:-1, max-image-preview:large, max-video-preview:-1\" \/>\n<link rel=\"canonical\" href=\"https:\/\/cac-cl.pt\/pt\/registration-form\/\" \/>\n<meta property=\"og:locale\" content=\"pt_PT\" \/>\n<meta property=\"og:type\" content=\"article\" \/>\n<meta property=\"og:title\" content=\"4th Edition Global Pharma Executive Course - Registration Confirmation | Centro Acad\u00e9mico Cl\u00ednico Cat\u00f3lica Luz (CAC-CL)\" \/>\n<meta property=\"og:description\" content=\"Register here for our Global Pharma Industry Executive Course while the applications are open. Don&#039;t miss this opportunity!\" \/>\n<meta property=\"og:url\" content=\"https:\/\/cac-cl.pt\/pt\/registration-form\/\" \/>\n<meta property=\"og:site_name\" content=\"Centro Acad\u00e9mico Cl\u00ednico Cat\u00f3lica Luz (CAC-CL)\" \/>\n<meta property=\"article:modified_time\" content=\"2025-11-10T14:47:42+00:00\" \/>\n<meta property=\"og:image\" content=\"https:\/\/cac-cl.pt\/wp-content\/uploads\/2025\/10\/01_Comms_GP4_GenH_-1-scaled.png\" \/>\n\t<meta property=\"og:image:width\" content=\"2048\" \/>\n\t<meta property=\"og:image:height\" content=\"2560\" \/>\n\t<meta property=\"og:image:type\" content=\"image\/png\" \/>\n<meta name=\"twitter:card\" content=\"summary_large_image\" \/>\n<meta name=\"twitter:label1\" content=\"Tempo estimado de leitura\" \/>\n\t<meta name=\"twitter:data1\" content=\"1 minuto\" \/>\n<script type=\"application\/ld+json\" class=\"yoast-schema-graph\">{\"@context\":\"https:\\\/\\\/schema.org\",\"@graph\":[{\"@type\":\"WebPage\",\"@id\":\"https:\\\/\\\/cac-cl.pt\\\/registration-form\\\/\",\"url\":\"https:\\\/\\\/cac-cl.pt\\\/registration-form\\\/\",\"name\":\"4th Edition Global Pharma Executive Course - Registration Confirmation | Centro Acad\u00e9mico Cl\u00ednico Cat\u00f3lica Luz (CAC-CL)\",\"isPartOf\":{\"@id\":\"https:\\\/\\\/cac-cl.pt\\\/#website\"},\"primaryImageOfPage\":{\"@id\":\"https:\\\/\\\/cac-cl.pt\\\/registration-form\\\/#primaryimage\"},\"image\":{\"@id\":\"https:\\\/\\\/cac-cl.pt\\\/registration-form\\\/#primaryimage\"},\"thumbnailUrl\":\"https:\\\/\\\/cac-cl.pt\\\/wp-content\\\/uploads\\\/2025\\\/10\\\/01_Comms_GP4_GenH_-1-768x960.png\",\"datePublished\":\"2024-04-21T20:32:22+00:00\",\"dateModified\":\"2025-11-10T14:47:42+00:00\",\"description\":\"Register here for our Global Pharma Industry Executive Course while the applications are open. Don't miss this opportunity!\",\"breadcrumb\":{\"@id\":\"https:\\\/\\\/cac-cl.pt\\\/registration-form\\\/#breadcrumb\"},\"inLanguage\":\"pt-PT\",\"potentialAction\":[{\"@type\":\"ReadAction\",\"target\":[\"https:\\\/\\\/cac-cl.pt\\\/registration-form\\\/\"]}]},{\"@type\":\"ImageObject\",\"inLanguage\":\"pt-PT\",\"@id\":\"https:\\\/\\\/cac-cl.pt\\\/registration-form\\\/#primaryimage\",\"url\":\"https:\\\/\\\/cac-cl.pt\\\/wp-content\\\/uploads\\\/2025\\\/10\\\/01_Comms_GP4_GenH_-1-768x960.png\",\"contentUrl\":\"https:\\\/\\\/cac-cl.pt\\\/wp-content\\\/uploads\\\/2025\\\/10\\\/01_Comms_GP4_GenH_-1-768x960.png\"},{\"@type\":\"BreadcrumbList\",\"@id\":\"https:\\\/\\\/cac-cl.pt\\\/registration-form\\\/#breadcrumb\",\"itemListElement\":[{\"@type\":\"ListItem\",\"position\":1,\"name\":\"In\u00edcio\",\"item\":\"https:\\\/\\\/cac-cl.pt\\\/\"},{\"@type\":\"ListItem\",\"position\":2,\"name\":\"4th Edition Global Pharma Executive Course &#8211; Registration Confirmation\"}]},{\"@type\":\"WebSite\",\"@id\":\"https:\\\/\\\/cac-cl.pt\\\/#website\",\"url\":\"https:\\\/\\\/cac-cl.pt\\\/\",\"name\":\"Centro Acad\u00e9mico Cl\u00ednico Cat\u00f3lica Luz (CAC-CL)\",\"description\":\"Centro Acad\u00e9mico Cl\u00ednico Cat\u00f3lica Luz\",\"publisher\":{\"@id\":\"https:\\\/\\\/cac-cl.pt\\\/#organization\"},\"alternateName\":\"CAC-CL\",\"potentialAction\":[{\"@type\":\"SearchAction\",\"target\":{\"@type\":\"EntryPoint\",\"urlTemplate\":\"https:\\\/\\\/cac-cl.pt\\\/?s={search_term_string}\"},\"query-input\":{\"@type\":\"PropertyValueSpecification\",\"valueRequired\":true,\"valueName\":\"search_term_string\"}}],\"inLanguage\":\"pt-PT\"},{\"@type\":\"Organization\",\"@id\":\"https:\\\/\\\/cac-cl.pt\\\/#organization\",\"name\":\"Centro Acad\u00e9mico Cl\u00ednico Cat\u00f3lica Luz (CAC-CL)\",\"alternateName\":\"CAC-CL\",\"url\":\"https:\\\/\\\/cac-cl.pt\\\/\",\"logo\":{\"@type\":\"ImageObject\",\"inLanguage\":\"pt-PT\",\"@id\":\"https:\\\/\\\/cac-cl.pt\\\/#\\\/schema\\\/logo\\\/image\\\/\",\"url\":\"https:\\\/\\\/cac-cl.pt\\\/wp-content\\\/uploads\\\/2024\\\/04\\\/cropped-CAC_Logotipo_Principal_Positivo-e1712844263631.png\",\"contentUrl\":\"https:\\\/\\\/cac-cl.pt\\\/wp-content\\\/uploads\\\/2024\\\/04\\\/cropped-CAC_Logotipo_Principal_Positivo-e1712844263631.png\",\"width\":2249,\"height\":1409,\"caption\":\"Centro Acad\u00e9mico Cl\u00ednico Cat\u00f3lica Luz (CAC-CL)\"},\"image\":{\"@id\":\"https:\\\/\\\/cac-cl.pt\\\/#\\\/schema\\\/logo\\\/image\\\/\"},\"sameAs\":[\"https:\\\/\\\/www.linkedin.com\\\/company\\\/caolica-luz-cac\\\/\",\"https:\\\/\\\/www.instagram.com\\\/caccl.pt\\\/\",\"https:\\\/\\\/pt.pinterest.com\\\/catolicaluz\\\/\"]}]}<\/script>\n<!-- \/ Yoast SEO plugin. -->","yoast_head_json":{"title":"4th Edition Global Pharma Executive Course - Registration Confirmation | Centro Acad\u00e9mico Cl\u00ednico Cat\u00f3lica Luz (CAC-CL)","description":"Register here for our Global Pharma Industry Executive Course while the applications are open. Don't miss this opportunity!","robots":{"index":"index","follow":"follow","max-snippet":"max-snippet:-1","max-image-preview":"max-image-preview:large","max-video-preview":"max-video-preview:-1"},"canonical":"https:\/\/cac-cl.pt\/pt\/registration-form\/","og_locale":"pt_PT","og_type":"article","og_title":"4th Edition Global Pharma Executive Course - Registration Confirmation | Centro Acad\u00e9mico Cl\u00ednico Cat\u00f3lica Luz (CAC-CL)","og_description":"Register here for our Global Pharma Industry Executive Course while the applications are open. Don't miss this opportunity!","og_url":"https:\/\/cac-cl.pt\/pt\/registration-form\/","og_site_name":"Centro Acad\u00e9mico Cl\u00ednico Cat\u00f3lica Luz (CAC-CL)","article_modified_time":"2025-11-10T14:47:42+00:00","og_image":[{"width":2048,"height":2560,"url":"https:\/\/cac-cl.pt\/wp-content\/uploads\/2025\/10\/01_Comms_GP4_GenH_-1-scaled.png","type":"image\/png"}],"twitter_card":"summary_large_image","twitter_misc":{"Tempo estimado de leitura":"1 minuto"},"schema":{"@context":"https:\/\/schema.org","@graph":[{"@type":"WebPage","@id":"https:\/\/cac-cl.pt\/registration-form\/","url":"https:\/\/cac-cl.pt\/registration-form\/","name":"4th Edition Global Pharma Executive Course - Registration Confirmation | Centro Acad\u00e9mico Cl\u00ednico Cat\u00f3lica Luz (CAC-CL)","isPartOf":{"@id":"https:\/\/cac-cl.pt\/#website"},"primaryImageOfPage":{"@id":"https:\/\/cac-cl.pt\/registration-form\/#primaryimage"},"image":{"@id":"https:\/\/cac-cl.pt\/registration-form\/#primaryimage"},"thumbnailUrl":"https:\/\/cac-cl.pt\/wp-content\/uploads\/2025\/10\/01_Comms_GP4_GenH_-1-768x960.png","datePublished":"2024-04-21T20:32:22+00:00","dateModified":"2025-11-10T14:47:42+00:00","description":"Register here for our Global Pharma Industry Executive Course while the applications are open. Don't miss this opportunity!","breadcrumb":{"@id":"https:\/\/cac-cl.pt\/registration-form\/#breadcrumb"},"inLanguage":"pt-PT","potentialAction":[{"@type":"ReadAction","target":["https:\/\/cac-cl.pt\/registration-form\/"]}]},{"@type":"ImageObject","inLanguage":"pt-PT","@id":"https:\/\/cac-cl.pt\/registration-form\/#primaryimage","url":"https:\/\/cac-cl.pt\/wp-content\/uploads\/2025\/10\/01_Comms_GP4_GenH_-1-768x960.png","contentUrl":"https:\/\/cac-cl.pt\/wp-content\/uploads\/2025\/10\/01_Comms_GP4_GenH_-1-768x960.png"},{"@type":"BreadcrumbList","@id":"https:\/\/cac-cl.pt\/registration-form\/#breadcrumb","itemListElement":[{"@type":"ListItem","position":1,"name":"In\u00edcio","item":"https:\/\/cac-cl.pt\/"},{"@type":"ListItem","position":2,"name":"4th Edition Global Pharma Executive Course &#8211; Registration Confirmation"}]},{"@type":"WebSite","@id":"https:\/\/cac-cl.pt\/#website","url":"https:\/\/cac-cl.pt\/","name":"Centro Acad\u00e9mico Cl\u00ednico Cat\u00f3lica Luz (CAC-CL)","description":"Centro Acad\u00e9mico Cl\u00ednico Cat\u00f3lica Luz","publisher":{"@id":"https:\/\/cac-cl.pt\/#organization"},"alternateName":"CAC-CL","potentialAction":[{"@type":"SearchAction","target":{"@type":"EntryPoint","urlTemplate":"https:\/\/cac-cl.pt\/?s={search_term_string}"},"query-input":{"@type":"PropertyValueSpecification","valueRequired":true,"valueName":"search_term_string"}}],"inLanguage":"pt-PT"},{"@type":"Organization","@id":"https:\/\/cac-cl.pt\/#organization","name":"Centro Acad\u00e9mico Cl\u00ednico Cat\u00f3lica Luz (CAC-CL)","alternateName":"CAC-CL","url":"https:\/\/cac-cl.pt\/","logo":{"@type":"ImageObject","inLanguage":"pt-PT","@id":"https:\/\/cac-cl.pt\/#\/schema\/logo\/image\/","url":"https:\/\/cac-cl.pt\/wp-content\/uploads\/2024\/04\/cropped-CAC_Logotipo_Principal_Positivo-e1712844263631.png","contentUrl":"https:\/\/cac-cl.pt\/wp-content\/uploads\/2024\/04\/cropped-CAC_Logotipo_Principal_Positivo-e1712844263631.png","width":2249,"height":1409,"caption":"Centro Acad\u00e9mico Cl\u00ednico Cat\u00f3lica Luz (CAC-CL)"},"image":{"@id":"https:\/\/cac-cl.pt\/#\/schema\/logo\/image\/"},"sameAs":["https:\/\/www.linkedin.com\/company\/caolica-luz-cac\/","https:\/\/www.instagram.com\/caccl.pt\/","https:\/\/pt.pinterest.com\/catolicaluz\/"]}]}},"_links":{"self":[{"href":"https:\/\/cac-cl.pt\/pt\/wp-json\/wp\/v2\/pages\/10823","targetHints":{"allow":["GET"]}}],"collection":[{"href":"https:\/\/cac-cl.pt\/pt\/wp-json\/wp\/v2\/pages"}],"about":[{"href":"https:\/\/cac-cl.pt\/pt\/wp-json\/wp\/v2\/types\/page"}],"author":[{"embeddable":true,"href":"https:\/\/cac-cl.pt\/pt\/wp-json\/wp\/v2\/users\/1"}],"replies":[{"embeddable":true,"href":"https:\/\/cac-cl.pt\/pt\/wp-json\/wp\/v2\/comments?post=10823"}],"version-history":[{"count":53,"href":"https:\/\/cac-cl.pt\/pt\/wp-json\/wp\/v2\/pages\/10823\/revisions"}],"predecessor-version":[{"id":14096,"href":"https:\/\/cac-cl.pt\/pt\/wp-json\/wp\/v2\/pages\/10823\/revisions\/14096"}],"wp:attachment":[{"href":"https:\/\/cac-cl.pt\/pt\/wp-json\/wp\/v2\/media?parent=10823"}],"curies":[{"name":"wp","href":"https:\/\/api.w.org\/{rel}","templated":true}]}}