{"id":11614,"date":"2025-01-06T13:20:35","date_gmt":"2025-01-06T13:20:35","guid":{"rendered":"https:\/\/cac-cl.pt\/registration-form-copy\/"},"modified":"2025-07-18T08:33:25","modified_gmt":"2025-07-18T08:33:25","slug":"registration-form-communication-in-science","status":"publish","type":"page","link":"https:\/\/cac-cl.pt\/pt\/registration-form-communication-in-science\/","title":{"rendered":"1st Communication in Science Executive Course &#8211; Registration Form"},"content":{"rendered":"\n<div class=\"wpcf7 no-js\" id=\"wpcf7-f11620-o1\" lang=\"pt-PT\" dir=\"ltr\" data-wpcf7-id=\"11620\">\n<div class=\"screen-reader-response\"><p role=\"status\" aria-live=\"polite\" aria-atomic=\"true\"><\/p> <ul><\/ul><\/div>\n<form action=\"\/pt\/wp-json\/wp\/v2\/pages\/11614#wpcf7-f11620-o1\" method=\"post\" class=\"wpcf7-form init\" aria-label=\"Formul\u00e1rio de contacto\" novalidate=\"novalidate\" data-status=\"init\">\n<fieldset class=\"hidden-fields-container\"><input type=\"hidden\" name=\"_wpcf7\" value=\"11620\" \/><input type=\"hidden\" name=\"_wpcf7_version\" value=\"6.1.5\" \/><input type=\"hidden\" name=\"_wpcf7_locale\" value=\"pt_PT\" \/><input type=\"hidden\" name=\"_wpcf7_unit_tag\" value=\"wpcf7-f11620-o1\" \/><input type=\"hidden\" name=\"_wpcf7_container_post\" value=\"0\" \/><input type=\"hidden\" name=\"_wpcf7_posted_data_hash\" value=\"\" \/>\n<\/fieldset>\n<style>\nh5 {\n    border-bottom: 1px solid #ddd;\n    margin-top: 20px;\n    padding-bottom: 5px;\n    font-size: 18px;\n    font-weight: bold;\n}\n\nlabel {\n    display: block;\n    margin-bottom: 5px;\n    font-weight: bold;\n}\n\n.contact-form {\n    padding: 30px;\n    margin: 30px auto;\n    max-width: 800px;\n    border-radius: 20px;\n    background-color: #ffffff;\n    box-shadow: 0 2px 10px rgba(0, 0, 0, 0.1);\n}\n\ninput[type=\"text\"], input[type=\"email\"], input[type=\"tel\"], input[type=\"number\"], \ninput[type=\"date\"], select, textarea {\n    padding: 10px;\n    margin-bottom: 15px;\n    border: 1px solid #ccc;\n    border-radius: 50px;\n    width: 100%;\n    box-sizing: border-box;\n}\n\ninput:focus, select:focus, textarea:focus {\n    border-color: #007bff;\n    box-shadow: 0 0 5px rgba(0, 123, 255, 0.5);\n    outline: none;\n}\n\n<input class=\"wpcf7-form-control wpcf7-submit has-spinner\" type=\"submit\" value=\"Enviar\" \/> {\n    background-color: #007bff;\n    color: white;\n    border: none;\n    padding: 10px 20px;\n    border-radius: 50px;\n    cursor: pointer;\n    font-size: 16px;\n    transition: background-color 0.3s ease;\n}\n\n<input class=\"wpcf7-form-control wpcf7-submit has-spinner\" type=\"submit\" value=\"Enviar\" \/>:hover {\n    background-color: #0056b3;\n}\n\n.tooltip {\n    cursor: help;\n    color: #007bff;\n    text-decoration: underline;\n}\n<\/style>\n\n<div class=\"contact-form header-form\">\n  <div class=\"container\">\n    <h4>Registration Form<\/h4>\n\n    <div class=\"row\">\n      <div class=\"col-md-12\">\n        <label for=\"course\">Course<\/label>\n        <span class=\"wpcf7-form-control-wrap\" data-name=\"course\"><select class=\"wpcf7-form-control wpcf7-select wpcf7-validates-as-required\" id=\"course\" aria-required=\"true\" aria-invalid=\"false\" name=\"course\"><option value=\"\">&#8212;Por favor escolha uma op\u00e7\u00e3o&#8212;<\/option><option value=\"1st Communication in Science Executive Course\">1st Communication in Science Executive Course<\/option><\/select><\/span>\n      <\/div>\n    <\/div>\n\n    <h5>Personal Information<\/h5>\n    <div class=\"row\">\n      <div class=\"col-md-12\">\n        <label for=\"name\">Full Name<\/label>\n        <span class=\"wpcf7-form-control-wrap\" data-name=\"your-name\"><input size=\"40\" maxlength=\"400\" class=\"wpcf7-form-control wpcf7-text wpcf7-validates-as-required\" id=\"name\" aria-required=\"true\" aria-invalid=\"false\" value=\"\" type=\"text\" name=\"your-name\" \/><\/span>\n      <\/div>\n      <div class=\"col-md-6\">\n        <label for=\"email\">Email Address<\/label>\n        <span class=\"wpcf7-form-control-wrap\" data-name=\"email\"><input size=\"40\" maxlength=\"400\" class=\"wpcf7-form-control wpcf7-email wpcf7-validates-as-required wpcf7-text wpcf7-validates-as-email\" id=\"email\" aria-required=\"true\" aria-invalid=\"false\" placeholder=\"example@gmail.com\" value=\"\" type=\"email\" name=\"email\" \/><\/span>\n      <\/div>\n      <div class=\"col-md-6\">\n        <label for=\"phone\">Phone Number<\/label>\n        <span class=\"wpcf7-form-control-wrap\" data-name=\"Phonenumber\"><input size=\"40\" maxlength=\"400\" class=\"wpcf7-form-control wpcf7-tel wpcf7-validates-as-required wpcf7-text wpcf7-validates-as-tel\" id=\"phone\" aria-required=\"true\" aria-invalid=\"false\" value=\"\" type=\"tel\" name=\"Phonenumber\" \/><\/span>\n      <\/div>\n      <div class=\"col-md-12\">\n        <label for=\"country\">Country<\/label>\n        <span class=\"wpcf7-form-control-wrap\" data-name=\"country\"><select class=\"wpcf7-form-control wpcf7-select wpcf7-validates-as-required\" id=\"country\" aria-required=\"true\" aria-invalid=\"false\" name=\"country\"><option value=\"Portugal\">Portugal<\/option><option value=\"USA\">USA<\/option><option value=\"Canada\">Canada<\/option><option value=\"UK\">UK<\/option><option value=\"Other\">Other<\/option><\/select><\/span>\n      <\/div>\n      <div class=\"col-md-6\">\n        <label for=\"birthday\">Date of Birth<\/label>\n        <span class=\"wpcf7-form-control-wrap\" data-name=\"birthday\"><input class=\"wpcf7-form-control wpcf7-date wpcf7-validates-as-required wpcf7-validates-as-date\" id=\"birthday\" aria-required=\"true\" aria-invalid=\"false\" value=\"\" type=\"date\" name=\"birthday\" \/><\/span>\n      <\/div>\n    <\/div>\n\n    <h5>Professional Information<\/h5>\n    <div class=\"row\">\n      <div class=\"col-md-6\">\n        <label for=\"degree\">Highest Degree<\/label>\n        <span class=\"wpcf7-form-control-wrap\" data-name=\"degree\"><select class=\"wpcf7-form-control wpcf7-select wpcf7-validates-as-required\" id=\"degree\" aria-required=\"true\" aria-invalid=\"false\" name=\"degree\"><option value=\"\">&#8212;Por favor escolha uma op\u00e7\u00e3o&#8212;<\/option><option value=\"Undergraduate\">Undergraduate<\/option><option value=\"BSc\">BSc<\/option><option value=\"MSc\">MSc<\/option><option value=\"PhD\">PhD<\/option><option value=\"Post PhD\">Post PhD<\/option><option value=\"MBA\">MBA<\/option><option value=\"Other\">Other<\/option><\/select><\/span>\n      <\/div>\n      <div class=\"col-md-6\">\n        <label for=\"company\">Company<\/label>\n        <span class=\"wpcf7-form-control-wrap\" data-name=\"company\"><input size=\"40\" maxlength=\"400\" class=\"wpcf7-form-control wpcf7-text\" id=\"company\" aria-invalid=\"false\" value=\"\" type=\"text\" name=\"company\" \/><\/span>\n      <\/div>\n      <div class=\"col-md-6\">\n        <label for=\"job\">Job Title<\/label>\n        <span class=\"wpcf7-form-control-wrap\" data-name=\"job\"><input size=\"40\" maxlength=\"400\" class=\"wpcf7-form-control wpcf7-text\" id=\"job\" aria-invalid=\"false\" value=\"\" type=\"text\" name=\"job\" \/><\/span>\n      <\/div>\n      <div class=\"col-md-6\">\n        <label for=\"linkedin\">LinkedIn<\/label>\n        <span class=\"wpcf7-form-control-wrap\" data-name=\"linkedin\"><input size=\"40\" maxlength=\"400\" class=\"wpcf7-form-control wpcf7-url wpcf7-text wpcf7-validates-as-url\" id=\"linkedin\" aria-invalid=\"false\" placeholder=\"https:\/\/linkedin.com\/in\/your-profile\" value=\"\" type=\"url\" name=\"linkedin\" \/><\/span>\n      <\/div>\n    <\/div>\n\n    <h5>Invoice Details<\/h5>\n    <div class=\"row\">\n      <div class=\"col-md-6\">\n        <label for=\"inv_name\">Name for Invoice<\/label>\n        <span class=\"wpcf7-form-control-wrap\" data-name=\"inv_name\"><input size=\"40\" maxlength=\"400\" class=\"wpcf7-form-control wpcf7-text\" id=\"inv_name\" aria-invalid=\"false\" value=\"\" type=\"text\" name=\"inv_name\" \/><\/span>\n      <\/div>\n      <div class=\"col-md-6\">\n        <label for=\"inv_nif\">NIF\/VAT<\/label>\n        <span class=\"wpcf7-form-control-wrap\" data-name=\"inv_nif\"><input size=\"40\" maxlength=\"400\" class=\"wpcf7-form-control wpcf7-text\" id=\"inv_nif\" aria-invalid=\"false\" value=\"\" type=\"text\" name=\"inv_nif\" \/><\/span>\n      <\/div>\n      <div class=\"col-md-12\">\n        <label for=\"inv_address\">Billing Address<\/label>\n        <span class=\"wpcf7-form-control-wrap\" data-name=\"inv_address\"><input size=\"40\" maxlength=\"400\" class=\"wpcf7-form-control wpcf7-text\" id=\"inv_address\" aria-invalid=\"false\" value=\"\" type=\"text\" name=\"inv_address\" \/><\/span>\n      <\/div>\n      <div class=\"col-md-12\">\n        <label for=\"promocode\">Promocode<\/label>\n        <span class=\"wpcf7-form-control-wrap\" data-name=\"imv_promocode\"><input size=\"40\" maxlength=\"400\" class=\"wpcf7-form-control wpcf7-text\" id=\"promocode\" aria-invalid=\"false\" value=\"\" type=\"text\" name=\"imv_promocode\" \/><\/span>\n      <\/div>\n    <\/div>\n\n    <div class=\"row\">\n      <div class=\"col-md-12 text-center\">\n        <input class=\"wpcf7-form-control wpcf7-submit has-spinner\" type=\"submit\" value=\"Submit\" \/>\n      <\/div>\n    <\/div>\n  <\/div>\n<\/div><div class=\"wpcf7-response-output\" aria-hidden=\"true\"><\/div>\n<\/form>\n<\/div>\n\n","protected":false},"excerpt":{"rendered":"","protected":false},"author":1,"featured_media":0,"parent":0,"menu_order":0,"comment_status":"closed","ping_status":"closed","template":"","meta":{"_acf_changed":false,"inline_featured_image":false,"footnotes":""},"class_list":["post-11614","page","type-page","status-publish","hentry"],"acf":[],"yoast_head":"<!-- This site is optimized with the Yoast SEO plugin v27.4 - https:\/\/yoast.com\/product\/yoast-seo-wordpress\/ -->\n<title>Communication in Science Registration Form<\/title>\n<meta name=\"description\" content=\"Register here for our Communication in Science Executive Course while the applications are open. Don&#039;t miss this opportunity!\" \/>\n<meta name=\"robots\" content=\"index, follow, max-snippet:-1, max-image-preview:large, max-video-preview:-1\" \/>\n<link rel=\"canonical\" href=\"https:\/\/cac-cl.pt\/pt\/registration-form-communication-in-science\/\" \/>\n<meta property=\"og:locale\" content=\"pt_PT\" \/>\n<meta property=\"og:type\" content=\"article\" \/>\n<meta property=\"og:title\" content=\"Communication in Science Registration Form\" \/>\n<meta property=\"og:description\" content=\"Register here for our Communication in Science Executive Course while the applications are open. Don&#039;t miss this opportunity!\" \/>\n<meta property=\"og:url\" content=\"https:\/\/cac-cl.pt\/pt\/registration-form-communication-in-science\/\" \/>\n<meta property=\"og:site_name\" content=\"Centro Acad\u00e9mico Cl\u00ednico Cat\u00f3lica Luz (CAC-CL)\" \/>\n<meta property=\"article:modified_time\" content=\"2025-07-18T08:33:25+00:00\" \/>\n<meta property=\"og:image\" content=\"https:\/\/cac-cl.pt\/wp-content\/uploads\/2024\/04\/cropped-CAC_Logotipo_Principal_Positivo-e1712844263631.png\" \/>\n\t<meta property=\"og:image:width\" content=\"2249\" \/>\n\t<meta property=\"og:image:height\" content=\"1409\" \/>\n\t<meta property=\"og:image:type\" content=\"image\/png\" \/>\n<meta name=\"twitter:card\" content=\"summary_large_image\" \/>\n<meta name=\"twitter:label1\" content=\"Tempo estimado de leitura\" \/>\n\t<meta name=\"twitter:data1\" content=\"1 minuto\" \/>\n<script type=\"application\/ld+json\" class=\"yoast-schema-graph\">{\"@context\":\"https:\\\/\\\/schema.org\",\"@graph\":[{\"@type\":\"WebPage\",\"@id\":\"https:\\\/\\\/cac-cl.pt\\\/registration-form-communication-in-science\\\/\",\"url\":\"https:\\\/\\\/cac-cl.pt\\\/registration-form-communication-in-science\\\/\",\"name\":\"Communication in Science Registration Form\",\"isPartOf\":{\"@id\":\"https:\\\/\\\/cac-cl.pt\\\/#website\"},\"datePublished\":\"2025-01-06T13:20:35+00:00\",\"dateModified\":\"2025-07-18T08:33:25+00:00\",\"description\":\"Register here for our Communication in Science Executive Course while the applications are open. Don't miss this opportunity!\",\"breadcrumb\":{\"@id\":\"https:\\\/\\\/cac-cl.pt\\\/registration-form-communication-in-science\\\/#breadcrumb\"},\"inLanguage\":\"pt-PT\",\"potentialAction\":[{\"@type\":\"ReadAction\",\"target\":[\"https:\\\/\\\/cac-cl.pt\\\/registration-form-communication-in-science\\\/\"]}]},{\"@type\":\"BreadcrumbList\",\"@id\":\"https:\\\/\\\/cac-cl.pt\\\/registration-form-communication-in-science\\\/#breadcrumb\",\"itemListElement\":[{\"@type\":\"ListItem\",\"position\":1,\"name\":\"In\u00edcio\",\"item\":\"https:\\\/\\\/cac-cl.pt\\\/\"},{\"@type\":\"ListItem\",\"position\":2,\"name\":\"1st Communication in Science Executive Course &#8211; Registration Form\"}]},{\"@type\":\"WebSite\",\"@id\":\"https:\\\/\\\/cac-cl.pt\\\/#website\",\"url\":\"https:\\\/\\\/cac-cl.pt\\\/\",\"name\":\"Centro Acad\u00e9mico Cl\u00ednico Cat\u00f3lica Luz (CAC-CL)\",\"description\":\"Centro Acad\u00e9mico Cl\u00ednico Cat\u00f3lica Luz\",\"publisher\":{\"@id\":\"https:\\\/\\\/cac-cl.pt\\\/#organization\"},\"alternateName\":\"CAC-CL\",\"potentialAction\":[{\"@type\":\"SearchAction\",\"target\":{\"@type\":\"EntryPoint\",\"urlTemplate\":\"https:\\\/\\\/cac-cl.pt\\\/?s={search_term_string}\"},\"query-input\":{\"@type\":\"PropertyValueSpecification\",\"valueRequired\":true,\"valueName\":\"search_term_string\"}}],\"inLanguage\":\"pt-PT\"},{\"@type\":\"Organization\",\"@id\":\"https:\\\/\\\/cac-cl.pt\\\/#organization\",\"name\":\"Centro Acad\u00e9mico Cl\u00ednico Cat\u00f3lica Luz (CAC-CL)\",\"alternateName\":\"CAC-CL\",\"url\":\"https:\\\/\\\/cac-cl.pt\\\/\",\"logo\":{\"@type\":\"ImageObject\",\"inLanguage\":\"pt-PT\",\"@id\":\"https:\\\/\\\/cac-cl.pt\\\/#\\\/schema\\\/logo\\\/image\\\/\",\"url\":\"https:\\\/\\\/cac-cl.pt\\\/wp-content\\\/uploads\\\/2024\\\/04\\\/cropped-CAC_Logotipo_Principal_Positivo-e1712844263631.png\",\"contentUrl\":\"https:\\\/\\\/cac-cl.pt\\\/wp-content\\\/uploads\\\/2024\\\/04\\\/cropped-CAC_Logotipo_Principal_Positivo-e1712844263631.png\",\"width\":2249,\"height\":1409,\"caption\":\"Centro Acad\u00e9mico Cl\u00ednico Cat\u00f3lica Luz (CAC-CL)\"},\"image\":{\"@id\":\"https:\\\/\\\/cac-cl.pt\\\/#\\\/schema\\\/logo\\\/image\\\/\"},\"sameAs\":[\"https:\\\/\\\/www.linkedin.com\\\/company\\\/caolica-luz-cac\\\/\",\"https:\\\/\\\/www.instagram.com\\\/caccl.pt\\\/\",\"https:\\\/\\\/pt.pinterest.com\\\/catolicaluz\\\/\"]}]}<\/script>\n<!-- \/ Yoast SEO plugin. -->","yoast_head_json":{"title":"Communication in Science Registration Form","description":"Register here for our Communication in Science Executive Course while the applications are open. Don't miss this opportunity!","robots":{"index":"index","follow":"follow","max-snippet":"max-snippet:-1","max-image-preview":"max-image-preview:large","max-video-preview":"max-video-preview:-1"},"canonical":"https:\/\/cac-cl.pt\/pt\/registration-form-communication-in-science\/","og_locale":"pt_PT","og_type":"article","og_title":"Communication in Science Registration Form","og_description":"Register here for our Communication in Science Executive Course while the applications are open. Don't miss this opportunity!","og_url":"https:\/\/cac-cl.pt\/pt\/registration-form-communication-in-science\/","og_site_name":"Centro Acad\u00e9mico Cl\u00ednico Cat\u00f3lica Luz (CAC-CL)","article_modified_time":"2025-07-18T08:33:25+00:00","og_image":[{"width":2249,"height":1409,"url":"https:\/\/cac-cl.pt\/wp-content\/uploads\/2024\/04\/cropped-CAC_Logotipo_Principal_Positivo-e1712844263631.png","type":"image\/png"}],"twitter_card":"summary_large_image","twitter_misc":{"Tempo estimado de leitura":"1 minuto"},"schema":{"@context":"https:\/\/schema.org","@graph":[{"@type":"WebPage","@id":"https:\/\/cac-cl.pt\/registration-form-communication-in-science\/","url":"https:\/\/cac-cl.pt\/registration-form-communication-in-science\/","name":"Communication in Science Registration Form","isPartOf":{"@id":"https:\/\/cac-cl.pt\/#website"},"datePublished":"2025-01-06T13:20:35+00:00","dateModified":"2025-07-18T08:33:25+00:00","description":"Register here for our Communication in Science Executive Course while the applications are open. Don't miss this opportunity!","breadcrumb":{"@id":"https:\/\/cac-cl.pt\/registration-form-communication-in-science\/#breadcrumb"},"inLanguage":"pt-PT","potentialAction":[{"@type":"ReadAction","target":["https:\/\/cac-cl.pt\/registration-form-communication-in-science\/"]}]},{"@type":"BreadcrumbList","@id":"https:\/\/cac-cl.pt\/registration-form-communication-in-science\/#breadcrumb","itemListElement":[{"@type":"ListItem","position":1,"name":"In\u00edcio","item":"https:\/\/cac-cl.pt\/"},{"@type":"ListItem","position":2,"name":"1st Communication in Science Executive Course &#8211; Registration Form"}]},{"@type":"WebSite","@id":"https:\/\/cac-cl.pt\/#website","url":"https:\/\/cac-cl.pt\/","name":"Centro Acad\u00e9mico Cl\u00ednico Cat\u00f3lica Luz (CAC-CL)","description":"Centro Acad\u00e9mico Cl\u00ednico Cat\u00f3lica Luz","publisher":{"@id":"https:\/\/cac-cl.pt\/#organization"},"alternateName":"CAC-CL","potentialAction":[{"@type":"SearchAction","target":{"@type":"EntryPoint","urlTemplate":"https:\/\/cac-cl.pt\/?s={search_term_string}"},"query-input":{"@type":"PropertyValueSpecification","valueRequired":true,"valueName":"search_term_string"}}],"inLanguage":"pt-PT"},{"@type":"Organization","@id":"https:\/\/cac-cl.pt\/#organization","name":"Centro Acad\u00e9mico Cl\u00ednico Cat\u00f3lica Luz (CAC-CL)","alternateName":"CAC-CL","url":"https:\/\/cac-cl.pt\/","logo":{"@type":"ImageObject","inLanguage":"pt-PT","@id":"https:\/\/cac-cl.pt\/#\/schema\/logo\/image\/","url":"https:\/\/cac-cl.pt\/wp-content\/uploads\/2024\/04\/cropped-CAC_Logotipo_Principal_Positivo-e1712844263631.png","contentUrl":"https:\/\/cac-cl.pt\/wp-content\/uploads\/2024\/04\/cropped-CAC_Logotipo_Principal_Positivo-e1712844263631.png","width":2249,"height":1409,"caption":"Centro Acad\u00e9mico Cl\u00ednico Cat\u00f3lica Luz (CAC-CL)"},"image":{"@id":"https:\/\/cac-cl.pt\/#\/schema\/logo\/image\/"},"sameAs":["https:\/\/www.linkedin.com\/company\/caolica-luz-cac\/","https:\/\/www.instagram.com\/caccl.pt\/","https:\/\/pt.pinterest.com\/catolicaluz\/"]}]}},"_links":{"self":[{"href":"https:\/\/cac-cl.pt\/pt\/wp-json\/wp\/v2\/pages\/11614","targetHints":{"allow":["GET"]}}],"collection":[{"href":"https:\/\/cac-cl.pt\/pt\/wp-json\/wp\/v2\/pages"}],"about":[{"href":"https:\/\/cac-cl.pt\/pt\/wp-json\/wp\/v2\/types\/page"}],"author":[{"embeddable":true,"href":"https:\/\/cac-cl.pt\/pt\/wp-json\/wp\/v2\/users\/1"}],"replies":[{"embeddable":true,"href":"https:\/\/cac-cl.pt\/pt\/wp-json\/wp\/v2\/comments?post=11614"}],"version-history":[{"count":7,"href":"https:\/\/cac-cl.pt\/pt\/wp-json\/wp\/v2\/pages\/11614\/revisions"}],"predecessor-version":[{"id":11624,"href":"https:\/\/cac-cl.pt\/pt\/wp-json\/wp\/v2\/pages\/11614\/revisions\/11624"}],"wp:attachment":[{"href":"https:\/\/cac-cl.pt\/pt\/wp-json\/wp\/v2\/media?parent=11614"}],"curies":[{"name":"wp","href":"https:\/\/api.w.org\/{rel}","templated":true}]}}