{"id":13292,"date":"2025-07-23T12:26:19","date_gmt":"2025-07-23T12:26:19","guid":{"rendered":"https:\/\/cac-cl.pt\/?page_id=13292"},"modified":"2025-07-23T12:51:50","modified_gmt":"2025-07-23T12:51:50","slug":"healhtpreneurs-european-project","status":"publish","type":"page","link":"https:\/\/cac-cl.pt\/pt\/healhtpreneurs-european-project\/","title":{"rendered":"HEALTHPRENEURS European Project"},"content":{"rendered":"<div data-elementor-type=\"wp-page\" data-elementor-id=\"13292\" class=\"elementor elementor-13292\">\n\t\t\t\t<div class=\"elementor-element elementor-element-2878fd61 e-flex e-con-boxed e-con e-parent\" data-id=\"2878fd61\" data-element_type=\"container\" data-e-type=\"container\">\n\t\t\t\t\t<div class=\"e-con-inner\">\n\t\t\t\t<div class=\"elementor-element elementor-element-112e515 elementor-widget elementor-widget-image\" data-id=\"112e515\" data-element_type=\"widget\" data-e-type=\"widget\" data-widget_type=\"image.default\">\n\t\t\t\t<div class=\"elementor-widget-container\">\n\t\t\t\t\t\t\t\t\t\t\t\t\t\t\t<img fetchpriority=\"high\" decoding=\"async\" width=\"640\" height=\"480\" src=\"https:\/\/cac-cl.pt\/wp-content\/uploads\/2025\/07\/WhatsApp-Image-2025-06-16-at-16.29.44-3-1024x768.jpeg\" class=\"attachment-large size-large wp-image-13294\" alt=\"\" srcset=\"https:\/\/cac-cl.pt\/wp-content\/uploads\/2025\/07\/WhatsApp-Image-2025-06-16-at-16.29.44-3-1024x768.jpeg 1024w, https:\/\/cac-cl.pt\/wp-content\/uploads\/2025\/07\/WhatsApp-Image-2025-06-16-at-16.29.44-3-300x225.jpeg 300w, https:\/\/cac-cl.pt\/wp-content\/uploads\/2025\/07\/WhatsApp-Image-2025-06-16-at-16.29.44-3-768x576.jpeg 768w, https:\/\/cac-cl.pt\/wp-content\/uploads\/2025\/07\/WhatsApp-Image-2025-06-16-at-16.29.44-3-1536x1152.jpeg 1536w, https:\/\/cac-cl.pt\/wp-content\/uploads\/2025\/07\/WhatsApp-Image-2025-06-16-at-16.29.44-3-16x12.jpeg 16w, https:\/\/cac-cl.pt\/wp-content\/uploads\/2025\/07\/WhatsApp-Image-2025-06-16-at-16.29.44-3.jpeg 2048w\" sizes=\"(max-width: 640px) 100vw, 640px\" \/>\t\t\t\t\t\t\t\t\t\t\t\t\t\t\t<\/div>\n\t\t\t\t<\/div>\n\t\t\t\t<div class=\"elementor-element elementor-element-47843b40 elementor-widget elementor-widget-text-editor\" data-id=\"47843b40\" data-element_type=\"widget\" data-e-type=\"widget\" data-widget_type=\"text-editor.default\">\n\t\t\t\t<div class=\"elementor-widget-container\">\n\t\t\t\t\t\t\t\t\t\n<p>The European project <strong>HEALTHPRENEURS <\/strong>has been selected under Cohort 4 of the EIT HEI Initiative, a strategic action of the European Institute of Innovation and Technology (EIT) aimed at enhancing innovation capacity in higher education institutions across Europe.<\/p>\n\n\n\n<p>With a total European Union funding of \u20ac1.34 million, the <strong>HEALTHPRENEURS <\/strong>consortium brings together universities, clinical centres, investment entities and entrepreneurship organizations from seven European countries. The partners include institutions from Spain, Italy, England, Scotland, Albania, and Portugal, united by a common goal: turning scientific knowledge into real-world impact in the health sector.<\/p>\n\n\n\n<p>The project will focus on promoting scientific entrepreneurship, supporting health-related startups, training entrepreneurial talent in medical and nutritional innovation, and creating institutional mechanisms to strengthen the university-industry-society interface.<br><br><strong>HEALTHPRENEURS <\/strong>contributes directly to the EIT\u2019s mission to foster inclusive and sustainable innovation ecosystems and represents a strong commitment to advancing entrepreneurship as a vehicle for knowledge transfer in the health field.<\/p>\n\n\n\n<p><strong>HEALTHPRENEURS IN NUMBERS<\/strong><\/p>\n\n\n\n<ul class=\"wp-block-list\">\n<li>7 Partners and 1 Associated Partner<\/li>\n\n\n\n<li>5 Countries<\/li>\n\n\n\n<li>1.34M Funding<\/li>\n\n\n\n<li>+1K Students &amp; Staff Supported<\/li>\n<\/ul>\n\n\n\n<p><strong>PARTNERS<\/strong><\/p>\n\n\n\n<ul class=\"wp-block-list\">\n<li><a href=\"https:\/\/international.ucam.edu\/\">UCAM<\/a><\/li>\n\n\n\n<li><a href=\"https:\/\/en.unav.edu\/inicio\">Universidad de Navarra<\/a><\/li>\n\n\n\n<li><a href=\"https:\/\/www.strath.ac.uk\/\">University of Strathclyde<\/a><\/li>\n\n\n\n<li><a href=\"https:\/\/www.usc.gal\/es\">Universidad de Santiago de Compostela<\/a><\/li>\n\n\n\n<li><a href=\"https:\/\/ust.edu.al\/en\/home-ust\/\">Sports University of Tirana<\/a><\/li>\n\n\n\n<li><a href=\"https:\/\/www.uniroma5.it\/\">San Raffaele Rome University<\/a><\/li>\n\n\n\n<li><a href=\"https:\/\/www.cambridgebiocapital.com\/\">Cambridge Biocapital<\/a><\/li>\n<\/ul>\n\n\n\n<p><strong>ASSOCIATED PARTNER<\/strong><\/p>\n\n\n\n<ul class=\"wp-block-list\">\n<li><a href=\"https:\/\/cac-cl.pt\/\">Cat\u00f3lica Luz Clinical Academic Centre<\/a><\/li>\n<\/ul>\n\n\n\n<p><strong>More information: <a href=\"https:\/\/eit-hei.eu\/projects\/healthpreneurs\/\">https:\/\/eit-hei.eu\/projects\/healthpreneurs\/<\/a><\/strong> e a<a href=\"%20https:\/www.healthpreneurs.eu\/\"> <strong>https:\/\/www.healthpreneurs.eu\/<\/strong><\/a><\/p>\n\t\t\t\t\t\t\t\t<\/div>\n\t\t\t\t<\/div>\n\t\t\t\t\t<\/div>\n\t\t\t\t<\/div>\n\t\t\t\t<\/div>","protected":false},"excerpt":{"rendered":"<p>The European project HEALTHPRENEURS has been selected under Cohort 4 of the EIT HEI Initiative, a strategic action of the European Institute of Innovation and Technology (EIT) aimed at enhancing innovation capacity in higher education institutions across Europe. With a total European Union funding of \u20ac1.34 million, the HEALTHPRENEURS consortium brings together universities, clinical centres, [&hellip;]<\/p>\n","protected":false},"author":1,"featured_media":0,"parent":0,"menu_order":0,"comment_status":"closed","ping_status":"closed","template":"","meta":{"_acf_changed":false,"inline_featured_image":false,"footnotes":""},"class_list":["post-13292","page","type-page","status-publish","hentry"],"acf":[],"yoast_head":"<!-- This site is optimized with the Yoast SEO plugin v27.5 - https:\/\/yoast.com\/product\/yoast-seo-wordpress\/ -->\n<title>HEALTHPRENEURS European Project | Centro Acad\u00e9mico Cl\u00ednico Cat\u00f3lica Luz (CAC-CL)<\/title>\n<meta name=\"robots\" content=\"index, follow, max-snippet:-1, max-image-preview:large, max-video-preview:-1\" \/>\n<link rel=\"canonical\" href=\"https:\/\/cac-cl.pt\/pt\/healhtpreneurs-european-project\/\" \/>\n<meta property=\"og:locale\" content=\"pt_PT\" \/>\n<meta property=\"og:type\" content=\"article\" \/>\n<meta property=\"og:title\" content=\"HEALTHPRENEURS European Project | Centro Acad\u00e9mico Cl\u00ednico Cat\u00f3lica Luz (CAC-CL)\" \/>\n<meta property=\"og:description\" content=\"The European project HEALTHPRENEURS has been selected under Cohort 4 of the EIT HEI Initiative, a strategic action of the European Institute of Innovation and Technology (EIT) aimed at enhancing innovation capacity in higher education institutions across Europe. With a total European Union funding of \u20ac1.34 million, the HEALTHPRENEURS consortium brings together universities, clinical centres, [&hellip;]\" \/>\n<meta property=\"og:url\" content=\"https:\/\/cac-cl.pt\/pt\/healhtpreneurs-european-project\/\" \/>\n<meta property=\"og:site_name\" content=\"Centro Acad\u00e9mico Cl\u00ednico Cat\u00f3lica Luz (CAC-CL)\" \/>\n<meta property=\"article:modified_time\" content=\"2025-07-23T12:51:50+00:00\" \/>\n<meta property=\"og:image\" content=\"https:\/\/cac-cl.pt\/wp-content\/uploads\/2025\/07\/WhatsApp-Image-2025-06-16-at-16.29.44-3-1024x768.jpeg\" \/>\n<meta name=\"twitter:card\" content=\"summary_large_image\" \/>\n<meta name=\"twitter:label1\" content=\"Tempo estimado de leitura\" \/>\n\t<meta name=\"twitter:data1\" content=\"2 minutos\" \/>\n<script type=\"application\/ld+json\" class=\"yoast-schema-graph\">{\"@context\":\"https:\\\/\\\/schema.org\",\"@graph\":[{\"@type\":\"WebPage\",\"@id\":\"https:\\\/\\\/cac-cl.pt\\\/healhtpreneurs-european-project\\\/\",\"url\":\"https:\\\/\\\/cac-cl.pt\\\/healhtpreneurs-european-project\\\/\",\"name\":\"HEALTHPRENEURS European Project | Centro Acad\u00e9mico Cl\u00ednico Cat\u00f3lica Luz (CAC-CL)\",\"isPartOf\":{\"@id\":\"https:\\\/\\\/cac-cl.pt\\\/#website\"},\"primaryImageOfPage\":{\"@id\":\"https:\\\/\\\/cac-cl.pt\\\/healhtpreneurs-european-project\\\/#primaryimage\"},\"image\":{\"@id\":\"https:\\\/\\\/cac-cl.pt\\\/healhtpreneurs-european-project\\\/#primaryimage\"},\"thumbnailUrl\":\"https:\\\/\\\/cac-cl.pt\\\/wp-content\\\/uploads\\\/2025\\\/07\\\/WhatsApp-Image-2025-06-16-at-16.29.44-3-1024x768.jpeg\",\"datePublished\":\"2025-07-23T12:26:19+00:00\",\"dateModified\":\"2025-07-23T12:51:50+00:00\",\"breadcrumb\":{\"@id\":\"https:\\\/\\\/cac-cl.pt\\\/healhtpreneurs-european-project\\\/#breadcrumb\"},\"inLanguage\":\"pt-PT\",\"potentialAction\":[{\"@type\":\"ReadAction\",\"target\":[\"https:\\\/\\\/cac-cl.pt\\\/healhtpreneurs-european-project\\\/\"]}]},{\"@type\":\"ImageObject\",\"inLanguage\":\"pt-PT\",\"@id\":\"https:\\\/\\\/cac-cl.pt\\\/healhtpreneurs-european-project\\\/#primaryimage\",\"url\":\"https:\\\/\\\/cac-cl.pt\\\/wp-content\\\/uploads\\\/2025\\\/07\\\/WhatsApp-Image-2025-06-16-at-16.29.44-3-1024x768.jpeg\",\"contentUrl\":\"https:\\\/\\\/cac-cl.pt\\\/wp-content\\\/uploads\\\/2025\\\/07\\\/WhatsApp-Image-2025-06-16-at-16.29.44-3-1024x768.jpeg\"},{\"@type\":\"BreadcrumbList\",\"@id\":\"https:\\\/\\\/cac-cl.pt\\\/healhtpreneurs-european-project\\\/#breadcrumb\",\"itemListElement\":[{\"@type\":\"ListItem\",\"position\":1,\"name\":\"In\u00edcio\",\"item\":\"https:\\\/\\\/cac-cl.pt\\\/\"},{\"@type\":\"ListItem\",\"position\":2,\"name\":\"HEALTHPRENEURS European Project\"}]},{\"@type\":\"WebSite\",\"@id\":\"https:\\\/\\\/cac-cl.pt\\\/#website\",\"url\":\"https:\\\/\\\/cac-cl.pt\\\/\",\"name\":\"Centro Acad\u00e9mico Cl\u00ednico Cat\u00f3lica Luz (CAC-CL)\",\"description\":\"Centro Acad\u00e9mico Cl\u00ednico Cat\u00f3lica Luz\",\"publisher\":{\"@id\":\"https:\\\/\\\/cac-cl.pt\\\/#organization\"},\"alternateName\":\"CAC-CL\",\"potentialAction\":[{\"@type\":\"SearchAction\",\"target\":{\"@type\":\"EntryPoint\",\"urlTemplate\":\"https:\\\/\\\/cac-cl.pt\\\/?s={search_term_string}\"},\"query-input\":{\"@type\":\"PropertyValueSpecification\",\"valueRequired\":true,\"valueName\":\"search_term_string\"}}],\"inLanguage\":\"pt-PT\"},{\"@type\":\"Organization\",\"@id\":\"https:\\\/\\\/cac-cl.pt\\\/#organization\",\"name\":\"Centro Acad\u00e9mico Cl\u00ednico Cat\u00f3lica Luz (CAC-CL)\",\"alternateName\":\"CAC-CL\",\"url\":\"https:\\\/\\\/cac-cl.pt\\\/\",\"logo\":{\"@type\":\"ImageObject\",\"inLanguage\":\"pt-PT\",\"@id\":\"https:\\\/\\\/cac-cl.pt\\\/#\\\/schema\\\/logo\\\/image\\\/\",\"url\":\"https:\\\/\\\/cac-cl.pt\\\/wp-content\\\/uploads\\\/2024\\\/04\\\/cropped-CAC_Logotipo_Principal_Positivo-e1712844263631.png\",\"contentUrl\":\"https:\\\/\\\/cac-cl.pt\\\/wp-content\\\/uploads\\\/2024\\\/04\\\/cropped-CAC_Logotipo_Principal_Positivo-e1712844263631.png\",\"width\":2249,\"height\":1409,\"caption\":\"Centro Acad\u00e9mico Cl\u00ednico Cat\u00f3lica Luz (CAC-CL)\"},\"image\":{\"@id\":\"https:\\\/\\\/cac-cl.pt\\\/#\\\/schema\\\/logo\\\/image\\\/\"},\"sameAs\":[\"https:\\\/\\\/www.linkedin.com\\\/company\\\/caolica-luz-cac\\\/\",\"https:\\\/\\\/www.instagram.com\\\/caccl.pt\\\/\",\"https:\\\/\\\/pt.pinterest.com\\\/catolicaluz\\\/\"]}]}<\/script>\n<!-- \/ Yoast SEO plugin. -->","yoast_head_json":{"title":"HEALTHPRENEURS European Project | Centro Acad\u00e9mico Cl\u00ednico Cat\u00f3lica Luz (CAC-CL)","robots":{"index":"index","follow":"follow","max-snippet":"max-snippet:-1","max-image-preview":"max-image-preview:large","max-video-preview":"max-video-preview:-1"},"canonical":"https:\/\/cac-cl.pt\/pt\/healhtpreneurs-european-project\/","og_locale":"pt_PT","og_type":"article","og_title":"HEALTHPRENEURS European Project | Centro Acad\u00e9mico Cl\u00ednico Cat\u00f3lica Luz (CAC-CL)","og_description":"The European project HEALTHPRENEURS has been selected under Cohort 4 of the EIT HEI Initiative, a strategic action of the European Institute of Innovation and Technology (EIT) aimed at enhancing innovation capacity in higher education institutions across Europe. With a total European Union funding of \u20ac1.34 million, the HEALTHPRENEURS consortium brings together universities, clinical centres, [&hellip;]","og_url":"https:\/\/cac-cl.pt\/pt\/healhtpreneurs-european-project\/","og_site_name":"Centro Acad\u00e9mico Cl\u00ednico Cat\u00f3lica Luz (CAC-CL)","article_modified_time":"2025-07-23T12:51:50+00:00","og_image":[{"url":"https:\/\/cac-cl.pt\/wp-content\/uploads\/2025\/07\/WhatsApp-Image-2025-06-16-at-16.29.44-3-1024x768.jpeg","type":"","width":"","height":""}],"twitter_card":"summary_large_image","twitter_misc":{"Tempo estimado de leitura":"2 minutos"},"schema":{"@context":"https:\/\/schema.org","@graph":[{"@type":"WebPage","@id":"https:\/\/cac-cl.pt\/healhtpreneurs-european-project\/","url":"https:\/\/cac-cl.pt\/healhtpreneurs-european-project\/","name":"HEALTHPRENEURS European Project | Centro Acad\u00e9mico Cl\u00ednico Cat\u00f3lica Luz (CAC-CL)","isPartOf":{"@id":"https:\/\/cac-cl.pt\/#website"},"primaryImageOfPage":{"@id":"https:\/\/cac-cl.pt\/healhtpreneurs-european-project\/#primaryimage"},"image":{"@id":"https:\/\/cac-cl.pt\/healhtpreneurs-european-project\/#primaryimage"},"thumbnailUrl":"https:\/\/cac-cl.pt\/wp-content\/uploads\/2025\/07\/WhatsApp-Image-2025-06-16-at-16.29.44-3-1024x768.jpeg","datePublished":"2025-07-23T12:26:19+00:00","dateModified":"2025-07-23T12:51:50+00:00","breadcrumb":{"@id":"https:\/\/cac-cl.pt\/healhtpreneurs-european-project\/#breadcrumb"},"inLanguage":"pt-PT","potentialAction":[{"@type":"ReadAction","target":["https:\/\/cac-cl.pt\/healhtpreneurs-european-project\/"]}]},{"@type":"ImageObject","inLanguage":"pt-PT","@id":"https:\/\/cac-cl.pt\/healhtpreneurs-european-project\/#primaryimage","url":"https:\/\/cac-cl.pt\/wp-content\/uploads\/2025\/07\/WhatsApp-Image-2025-06-16-at-16.29.44-3-1024x768.jpeg","contentUrl":"https:\/\/cac-cl.pt\/wp-content\/uploads\/2025\/07\/WhatsApp-Image-2025-06-16-at-16.29.44-3-1024x768.jpeg"},{"@type":"BreadcrumbList","@id":"https:\/\/cac-cl.pt\/healhtpreneurs-european-project\/#breadcrumb","itemListElement":[{"@type":"ListItem","position":1,"name":"In\u00edcio","item":"https:\/\/cac-cl.pt\/"},{"@type":"ListItem","position":2,"name":"HEALTHPRENEURS European Project"}]},{"@type":"WebSite","@id":"https:\/\/cac-cl.pt\/#website","url":"https:\/\/cac-cl.pt\/","name":"Centro Acad\u00e9mico Cl\u00ednico Cat\u00f3lica Luz (CAC-CL)","description":"Centro Acad\u00e9mico Cl\u00ednico Cat\u00f3lica Luz","publisher":{"@id":"https:\/\/cac-cl.pt\/#organization"},"alternateName":"CAC-CL","potentialAction":[{"@type":"SearchAction","target":{"@type":"EntryPoint","urlTemplate":"https:\/\/cac-cl.pt\/?s={search_term_string}"},"query-input":{"@type":"PropertyValueSpecification","valueRequired":true,"valueName":"search_term_string"}}],"inLanguage":"pt-PT"},{"@type":"Organization","@id":"https:\/\/cac-cl.pt\/#organization","name":"Centro Acad\u00e9mico Cl\u00ednico Cat\u00f3lica Luz (CAC-CL)","alternateName":"CAC-CL","url":"https:\/\/cac-cl.pt\/","logo":{"@type":"ImageObject","inLanguage":"pt-PT","@id":"https:\/\/cac-cl.pt\/#\/schema\/logo\/image\/","url":"https:\/\/cac-cl.pt\/wp-content\/uploads\/2024\/04\/cropped-CAC_Logotipo_Principal_Positivo-e1712844263631.png","contentUrl":"https:\/\/cac-cl.pt\/wp-content\/uploads\/2024\/04\/cropped-CAC_Logotipo_Principal_Positivo-e1712844263631.png","width":2249,"height":1409,"caption":"Centro Acad\u00e9mico Cl\u00ednico Cat\u00f3lica Luz (CAC-CL)"},"image":{"@id":"https:\/\/cac-cl.pt\/#\/schema\/logo\/image\/"},"sameAs":["https:\/\/www.linkedin.com\/company\/caolica-luz-cac\/","https:\/\/www.instagram.com\/caccl.pt\/","https:\/\/pt.pinterest.com\/catolicaluz\/"]}]}},"_links":{"self":[{"href":"https:\/\/cac-cl.pt\/pt\/wp-json\/wp\/v2\/pages\/13292","targetHints":{"allow":["GET"]}}],"collection":[{"href":"https:\/\/cac-cl.pt\/pt\/wp-json\/wp\/v2\/pages"}],"about":[{"href":"https:\/\/cac-cl.pt\/pt\/wp-json\/wp\/v2\/types\/page"}],"author":[{"embeddable":true,"href":"https:\/\/cac-cl.pt\/pt\/wp-json\/wp\/v2\/users\/1"}],"replies":[{"embeddable":true,"href":"https:\/\/cac-cl.pt\/pt\/wp-json\/wp\/v2\/comments?post=13292"}],"version-history":[{"count":5,"href":"https:\/\/cac-cl.pt\/pt\/wp-json\/wp\/v2\/pages\/13292\/revisions"}],"predecessor-version":[{"id":13311,"href":"https:\/\/cac-cl.pt\/pt\/wp-json\/wp\/v2\/pages\/13292\/revisions\/13311"}],"wp:attachment":[{"href":"https:\/\/cac-cl.pt\/pt\/wp-json\/wp\/v2\/media?parent=13292"}],"curies":[{"name":"wp","href":"https:\/\/api.w.org\/{rel}","templated":true}]}}