{"id":13299,"date":"2025-07-23T12:37:17","date_gmt":"2025-07-23T12:37:17","guid":{"rendered":"https:\/\/cac-cl.pt\/?page_id=13299"},"modified":"2025-09-18T10:37:18","modified_gmt":"2025-09-18T10:37:18","slug":"elevate-european-innovation-project","status":"publish","type":"page","link":"https:\/\/cac-cl.pt\/pt\/elevate-european-innovation-project\/","title":{"rendered":"ELEVATE European Innovation Project"},"content":{"rendered":"<p><\/p>\n\n\n\n<figure class=\"wp-block-image size-large\"><img fetchpriority=\"high\" decoding=\"async\" width=\"1024\" height=\"512\" src=\"https:\/\/cac-cl.pt\/wp-content\/uploads\/2025\/09\/ELEVATE_imagem-2-1-1400x700-1-1024x512.jpg\" alt=\"\" class=\"wp-image-13663\" srcset=\"https:\/\/cac-cl.pt\/wp-content\/uploads\/2025\/09\/ELEVATE_imagem-2-1-1400x700-1-1024x512.jpg 1024w, https:\/\/cac-cl.pt\/wp-content\/uploads\/2025\/09\/ELEVATE_imagem-2-1-1400x700-1-300x150.jpg 300w, https:\/\/cac-cl.pt\/wp-content\/uploads\/2025\/09\/ELEVATE_imagem-2-1-1400x700-1-768x384.jpg 768w, https:\/\/cac-cl.pt\/wp-content\/uploads\/2025\/09\/ELEVATE_imagem-2-1-1400x700-1-18x9.jpg 18w, https:\/\/cac-cl.pt\/wp-content\/uploads\/2025\/09\/ELEVATE_imagem-2-1-1400x700-1.jpg 1400w\" sizes=\"(max-width: 1024px) 100vw, 1024px\" \/><\/figure>\n\n\n\n<p><strong>Cat\u00f3lica leads European project boosting entrepreneurship in science, health, and the creative industries<\/strong>!<\/p>\n\n\n\n<p>Turning knowledge into solutions with real-world impact \u2014 this is the goal of ELEVATE, a European project led by the Universidade Cat\u00f3lica Portuguesa, which promotes entrepreneurship and innovation in the fields of <strong>food (bio)technology, (bio)medicine, artificial intelligence, and the cultural and creative industries<\/strong>. Funded by the European Union&#8217;s EIT HEI Initiative, the project <strong>brings together higher education institutions and business partners from three countries: Portugal, Italy, and Denmark<\/strong>.<\/p>\n\n\n\n<p>With an interdisciplinary approach anchored in the European EntreComp framework for entrepreneurial education, ELEVATE includes project acceleration, expert mentoring, and a range of activities designed to foster collaboration between businesses, municipalities, and research centres. The project will offer three editions of a specially designed course to enhance creativity and entrepreneurship in interdisciplinary contexts, along with two Summer Schools and more than 25 training activities. These initiatives are aimed at students and staff from higher education institutions but are also open to the broader innovation ecosystem.<\/p>\n\n\n\n<p><strong>A diverse consortium of partners<\/strong><\/p>\n\n\n\n<p>\u201c<em><strong>ELEVATE seeks to drive institutional change within partner universities, promoting more agile internal structures focused on technology transfer and the strengthening of strategic partnerships,<\/strong>\u201d<\/em> says Jo\u00e3o Cortez, director of the Research and Innovation Office at Universidade Cat\u00f3lica Portuguesa. The project team aims to support the transformation of innovative ideas into solutions with tangible impact, facilitating the creation of start-ups, new job opportunities, and stronger links between academia, industry, and society.<\/p>\n\n\n\n<p>The ELEVATE consortium is coordinated by <a href=\"https:\/\/www.ucp.pt\/pt-pt\/homepage-pt\"><strong>Universidade Cat\u00f3lica Portuguesa<\/strong> <\/a>(Portugal \u2013 member of the SACRU network and the Transform4Europe alliance) and includes <strong><a href=\"https:\/\/portale.units.it\/it\">Universit\u00e0 degli Studi di Trieste<\/a><\/strong> (Italy \u2013 Transform4Europe member); <strong><a href=\"https:\/\/www.unicatt.it\/\">Universit\u00e0 Cattolica del Sacro Cuore<\/a><\/strong> (Italy \u2013 SACRU network member); <strong><a href=\"https:\/\/international.au.dk\/\">Aarhus University<\/a><\/strong> (Denmark);<a href=\"https:\/\/www.food4sustainability.org\/\"> <strong>Food4Sustainability CoLAB<\/strong><\/a> (Portugal); <strong><a href=\"https:\/\/www.tecmafoods.com\/\">TecmaFoods<\/a><\/strong> (Portugal \u2013 food sector enterprise); and <strong><a href=\"https:\/\/www.materahub.com\/\">MateraHub<\/a><\/strong> (Italy \u2013 centre for cultural and creative innovation).<\/p>\n\n\n\n<p>At Universidade Cat\u00f3lica Portuguesa, five research centres across the country are involved in the project &#8211; <strong><a href=\"https:\/\/cbqf.esb.ucp.pt\/\">Centre for Biotechnology and Fine Chemistry<\/a><\/strong> (CBQF\/ESB); <strong><a href=\"https:\/\/artes.porto.ucp.pt\/citar\">Research Centre for Science and Technology of the Arts<\/a><\/strong> (CITAR\/EA); <strong><a href=\"https:\/\/cege.catolicabs.porto.ucp.pt\/\">Research Centre in Management and Economics<\/a><\/strong> (CEGE\/CPBS); <strong><a href=\"https:\/\/clsbe.lisboa.ucp.pt\/\">CAT\u00d3LICA-LISBON Research Unit in Business and Economics<\/a> <\/strong>(CUBE\/CLSBE);<a href=\"https:\/\/ciis.ucp.pt\/\"> <strong>Center for Interdisciplinary Research in Health <\/strong>(CIIS\/FM)<\/a> &#8211; coordinated through the <a href=\"https:\/\/www.ucp.pt\/research-and-innovation\/research-and-innovation-office\"><strong>Research and Innovation Office (RIO)<\/strong>.<\/a><\/p>\n\n\n\n<p><strong>A European catalyst for innovation<\/strong><\/p>\n\n\n\n<p><em>\u201c<strong>ELEVATE aims to act as a catalyst for innovation in key sectors such as agri-food, health, ICT and the cultural industries, by building bridges between academic knowledge and real societal challenges,\u201d <\/strong><\/em>highlights Jo\u00e3o Cortez.<strong> \u201c<em>This is a unique opportunity to create an interdisciplinary ecosystem that brings together creative perspectives and expertise from diverse fields, including food, health, and the creative industries \u2014 all empowered by artificial intelligence,<\/em><\/strong>\u201d he adds.<\/p>\n\n\n\n<p>With its impact expected across <strong>three European innovation ecosystems<\/strong> in Portugal, Italy and Denmark &#8211; ELEVATE is strategically positioned to enhance competitiveness and sustainability across the European landscape!<\/p>\n\n\n\n<p><\/p>","protected":false},"excerpt":{"rendered":"<p>Cat\u00f3lica leads European project boosting entrepreneurship in science, health, and the creative industries! Turning knowledge into solutions with real-world impact \u2014 this is the goal of ELEVATE, a European project led by the Universidade Cat\u00f3lica Portuguesa, which promotes entrepreneurship and innovation in the fields of food (bio)technology, (bio)medicine, artificial intelligence, and the cultural and creative [&hellip;]<\/p>\n","protected":false},"author":1,"featured_media":0,"parent":0,"menu_order":0,"comment_status":"closed","ping_status":"closed","template":"","meta":{"_acf_changed":false,"inline_featured_image":false,"footnotes":""},"class_list":["post-13299","page","type-page","status-publish","hentry"],"acf":[],"yoast_head":"<!-- This site is optimized with the Yoast SEO plugin v27.4 - https:\/\/yoast.com\/product\/yoast-seo-wordpress\/ -->\n<title>ELEVATE European Innovation Project | Centro Acad\u00e9mico Cl\u00ednico Cat\u00f3lica Luz (CAC-CL)<\/title>\n<meta name=\"robots\" content=\"index, follow, max-snippet:-1, max-image-preview:large, max-video-preview:-1\" \/>\n<link rel=\"canonical\" href=\"https:\/\/cac-cl.pt\/pt\/elevate-european-innovation-project\/\" \/>\n<meta property=\"og:locale\" content=\"pt_PT\" \/>\n<meta property=\"og:type\" content=\"article\" \/>\n<meta property=\"og:title\" content=\"ELEVATE European Innovation Project | Centro Acad\u00e9mico Cl\u00ednico Cat\u00f3lica Luz (CAC-CL)\" \/>\n<meta property=\"og:description\" content=\"Cat\u00f3lica leads European project boosting entrepreneurship in science, health, and the creative industries! Turning knowledge into solutions with real-world impact \u2014 this is the goal of ELEVATE, a European project led by the Universidade Cat\u00f3lica Portuguesa, which promotes entrepreneurship and innovation in the fields of food (bio)technology, (bio)medicine, artificial intelligence, and the cultural and creative [&hellip;]\" \/>\n<meta property=\"og:url\" content=\"https:\/\/cac-cl.pt\/pt\/elevate-european-innovation-project\/\" \/>\n<meta property=\"og:site_name\" content=\"Centro Acad\u00e9mico Cl\u00ednico Cat\u00f3lica Luz (CAC-CL)\" \/>\n<meta property=\"article:modified_time\" content=\"2025-09-18T10:37:18+00:00\" \/>\n<meta property=\"og:image\" content=\"https:\/\/cac-cl.pt\/wp-content\/uploads\/2025\/09\/ELEVATE_imagem-2-1-1400x700-1.jpg\" \/>\n\t<meta property=\"og:image:width\" content=\"1400\" \/>\n\t<meta property=\"og:image:height\" content=\"700\" \/>\n\t<meta property=\"og:image:type\" content=\"image\/jpeg\" \/>\n<meta name=\"twitter:card\" content=\"summary_large_image\" \/>\n<meta name=\"twitter:label1\" content=\"Tempo estimado de leitura\" \/>\n\t<meta name=\"twitter:data1\" content=\"3 minutos\" \/>\n<script type=\"application\/ld+json\" class=\"yoast-schema-graph\">{\"@context\":\"https:\\\/\\\/schema.org\",\"@graph\":[{\"@type\":\"WebPage\",\"@id\":\"https:\\\/\\\/cac-cl.pt\\\/elevate-european-innovation-project\\\/\",\"url\":\"https:\\\/\\\/cac-cl.pt\\\/elevate-european-innovation-project\\\/\",\"name\":\"ELEVATE European Innovation Project | Centro Acad\u00e9mico Cl\u00ednico Cat\u00f3lica Luz (CAC-CL)\",\"isPartOf\":{\"@id\":\"https:\\\/\\\/cac-cl.pt\\\/#website\"},\"primaryImageOfPage\":{\"@id\":\"https:\\\/\\\/cac-cl.pt\\\/elevate-european-innovation-project\\\/#primaryimage\"},\"image\":{\"@id\":\"https:\\\/\\\/cac-cl.pt\\\/elevate-european-innovation-project\\\/#primaryimage\"},\"thumbnailUrl\":\"https:\\\/\\\/cac-cl.pt\\\/wp-content\\\/uploads\\\/2025\\\/09\\\/ELEVATE_imagem-2-1-1400x700-1-1024x512.jpg\",\"datePublished\":\"2025-07-23T12:37:17+00:00\",\"dateModified\":\"2025-09-18T10:37:18+00:00\",\"breadcrumb\":{\"@id\":\"https:\\\/\\\/cac-cl.pt\\\/elevate-european-innovation-project\\\/#breadcrumb\"},\"inLanguage\":\"pt-PT\",\"potentialAction\":[{\"@type\":\"ReadAction\",\"target\":[\"https:\\\/\\\/cac-cl.pt\\\/elevate-european-innovation-project\\\/\"]}]},{\"@type\":\"ImageObject\",\"inLanguage\":\"pt-PT\",\"@id\":\"https:\\\/\\\/cac-cl.pt\\\/elevate-european-innovation-project\\\/#primaryimage\",\"url\":\"https:\\\/\\\/cac-cl.pt\\\/wp-content\\\/uploads\\\/2025\\\/09\\\/ELEVATE_imagem-2-1-1400x700-1-1024x512.jpg\",\"contentUrl\":\"https:\\\/\\\/cac-cl.pt\\\/wp-content\\\/uploads\\\/2025\\\/09\\\/ELEVATE_imagem-2-1-1400x700-1-1024x512.jpg\"},{\"@type\":\"BreadcrumbList\",\"@id\":\"https:\\\/\\\/cac-cl.pt\\\/elevate-european-innovation-project\\\/#breadcrumb\",\"itemListElement\":[{\"@type\":\"ListItem\",\"position\":1,\"name\":\"In\u00edcio\",\"item\":\"https:\\\/\\\/cac-cl.pt\\\/\"},{\"@type\":\"ListItem\",\"position\":2,\"name\":\"ELEVATE European Innovation Project\"}]},{\"@type\":\"WebSite\",\"@id\":\"https:\\\/\\\/cac-cl.pt\\\/#website\",\"url\":\"https:\\\/\\\/cac-cl.pt\\\/\",\"name\":\"Centro Acad\u00e9mico Cl\u00ednico Cat\u00f3lica Luz (CAC-CL)\",\"description\":\"Centro Acad\u00e9mico Cl\u00ednico Cat\u00f3lica Luz\",\"publisher\":{\"@id\":\"https:\\\/\\\/cac-cl.pt\\\/#organization\"},\"alternateName\":\"CAC-CL\",\"potentialAction\":[{\"@type\":\"SearchAction\",\"target\":{\"@type\":\"EntryPoint\",\"urlTemplate\":\"https:\\\/\\\/cac-cl.pt\\\/?s={search_term_string}\"},\"query-input\":{\"@type\":\"PropertyValueSpecification\",\"valueRequired\":true,\"valueName\":\"search_term_string\"}}],\"inLanguage\":\"pt-PT\"},{\"@type\":\"Organization\",\"@id\":\"https:\\\/\\\/cac-cl.pt\\\/#organization\",\"name\":\"Centro Acad\u00e9mico Cl\u00ednico Cat\u00f3lica Luz (CAC-CL)\",\"alternateName\":\"CAC-CL\",\"url\":\"https:\\\/\\\/cac-cl.pt\\\/\",\"logo\":{\"@type\":\"ImageObject\",\"inLanguage\":\"pt-PT\",\"@id\":\"https:\\\/\\\/cac-cl.pt\\\/#\\\/schema\\\/logo\\\/image\\\/\",\"url\":\"https:\\\/\\\/cac-cl.pt\\\/wp-content\\\/uploads\\\/2024\\\/04\\\/cropped-CAC_Logotipo_Principal_Positivo-e1712844263631.png\",\"contentUrl\":\"https:\\\/\\\/cac-cl.pt\\\/wp-content\\\/uploads\\\/2024\\\/04\\\/cropped-CAC_Logotipo_Principal_Positivo-e1712844263631.png\",\"width\":2249,\"height\":1409,\"caption\":\"Centro Acad\u00e9mico Cl\u00ednico Cat\u00f3lica Luz (CAC-CL)\"},\"image\":{\"@id\":\"https:\\\/\\\/cac-cl.pt\\\/#\\\/schema\\\/logo\\\/image\\\/\"},\"sameAs\":[\"https:\\\/\\\/www.linkedin.com\\\/company\\\/caolica-luz-cac\\\/\",\"https:\\\/\\\/www.instagram.com\\\/caccl.pt\\\/\",\"https:\\\/\\\/pt.pinterest.com\\\/catolicaluz\\\/\"]}]}<\/script>\n<!-- \/ Yoast SEO plugin. -->","yoast_head_json":{"title":"ELEVATE European Innovation Project | Centro Acad\u00e9mico Cl\u00ednico Cat\u00f3lica Luz (CAC-CL)","robots":{"index":"index","follow":"follow","max-snippet":"max-snippet:-1","max-image-preview":"max-image-preview:large","max-video-preview":"max-video-preview:-1"},"canonical":"https:\/\/cac-cl.pt\/pt\/elevate-european-innovation-project\/","og_locale":"pt_PT","og_type":"article","og_title":"ELEVATE European Innovation Project | Centro Acad\u00e9mico Cl\u00ednico Cat\u00f3lica Luz (CAC-CL)","og_description":"Cat\u00f3lica leads European project boosting entrepreneurship in science, health, and the creative industries! Turning knowledge into solutions with real-world impact \u2014 this is the goal of ELEVATE, a European project led by the Universidade Cat\u00f3lica Portuguesa, which promotes entrepreneurship and innovation in the fields of food (bio)technology, (bio)medicine, artificial intelligence, and the cultural and creative [&hellip;]","og_url":"https:\/\/cac-cl.pt\/pt\/elevate-european-innovation-project\/","og_site_name":"Centro Acad\u00e9mico Cl\u00ednico Cat\u00f3lica Luz (CAC-CL)","article_modified_time":"2025-09-18T10:37:18+00:00","og_image":[{"width":1400,"height":700,"url":"https:\/\/cac-cl.pt\/wp-content\/uploads\/2025\/09\/ELEVATE_imagem-2-1-1400x700-1.jpg","type":"image\/jpeg"}],"twitter_card":"summary_large_image","twitter_misc":{"Tempo estimado de leitura":"3 minutos"},"schema":{"@context":"https:\/\/schema.org","@graph":[{"@type":"WebPage","@id":"https:\/\/cac-cl.pt\/elevate-european-innovation-project\/","url":"https:\/\/cac-cl.pt\/elevate-european-innovation-project\/","name":"ELEVATE European Innovation Project | Centro Acad\u00e9mico Cl\u00ednico Cat\u00f3lica Luz (CAC-CL)","isPartOf":{"@id":"https:\/\/cac-cl.pt\/#website"},"primaryImageOfPage":{"@id":"https:\/\/cac-cl.pt\/elevate-european-innovation-project\/#primaryimage"},"image":{"@id":"https:\/\/cac-cl.pt\/elevate-european-innovation-project\/#primaryimage"},"thumbnailUrl":"https:\/\/cac-cl.pt\/wp-content\/uploads\/2025\/09\/ELEVATE_imagem-2-1-1400x700-1-1024x512.jpg","datePublished":"2025-07-23T12:37:17+00:00","dateModified":"2025-09-18T10:37:18+00:00","breadcrumb":{"@id":"https:\/\/cac-cl.pt\/elevate-european-innovation-project\/#breadcrumb"},"inLanguage":"pt-PT","potentialAction":[{"@type":"ReadAction","target":["https:\/\/cac-cl.pt\/elevate-european-innovation-project\/"]}]},{"@type":"ImageObject","inLanguage":"pt-PT","@id":"https:\/\/cac-cl.pt\/elevate-european-innovation-project\/#primaryimage","url":"https:\/\/cac-cl.pt\/wp-content\/uploads\/2025\/09\/ELEVATE_imagem-2-1-1400x700-1-1024x512.jpg","contentUrl":"https:\/\/cac-cl.pt\/wp-content\/uploads\/2025\/09\/ELEVATE_imagem-2-1-1400x700-1-1024x512.jpg"},{"@type":"BreadcrumbList","@id":"https:\/\/cac-cl.pt\/elevate-european-innovation-project\/#breadcrumb","itemListElement":[{"@type":"ListItem","position":1,"name":"In\u00edcio","item":"https:\/\/cac-cl.pt\/"},{"@type":"ListItem","position":2,"name":"ELEVATE European Innovation Project"}]},{"@type":"WebSite","@id":"https:\/\/cac-cl.pt\/#website","url":"https:\/\/cac-cl.pt\/","name":"Centro Acad\u00e9mico Cl\u00ednico Cat\u00f3lica Luz (CAC-CL)","description":"Centro Acad\u00e9mico Cl\u00ednico Cat\u00f3lica Luz","publisher":{"@id":"https:\/\/cac-cl.pt\/#organization"},"alternateName":"CAC-CL","potentialAction":[{"@type":"SearchAction","target":{"@type":"EntryPoint","urlTemplate":"https:\/\/cac-cl.pt\/?s={search_term_string}"},"query-input":{"@type":"PropertyValueSpecification","valueRequired":true,"valueName":"search_term_string"}}],"inLanguage":"pt-PT"},{"@type":"Organization","@id":"https:\/\/cac-cl.pt\/#organization","name":"Centro Acad\u00e9mico Cl\u00ednico Cat\u00f3lica Luz (CAC-CL)","alternateName":"CAC-CL","url":"https:\/\/cac-cl.pt\/","logo":{"@type":"ImageObject","inLanguage":"pt-PT","@id":"https:\/\/cac-cl.pt\/#\/schema\/logo\/image\/","url":"https:\/\/cac-cl.pt\/wp-content\/uploads\/2024\/04\/cropped-CAC_Logotipo_Principal_Positivo-e1712844263631.png","contentUrl":"https:\/\/cac-cl.pt\/wp-content\/uploads\/2024\/04\/cropped-CAC_Logotipo_Principal_Positivo-e1712844263631.png","width":2249,"height":1409,"caption":"Centro Acad\u00e9mico Cl\u00ednico Cat\u00f3lica Luz (CAC-CL)"},"image":{"@id":"https:\/\/cac-cl.pt\/#\/schema\/logo\/image\/"},"sameAs":["https:\/\/www.linkedin.com\/company\/caolica-luz-cac\/","https:\/\/www.instagram.com\/caccl.pt\/","https:\/\/pt.pinterest.com\/catolicaluz\/"]}]}},"_links":{"self":[{"href":"https:\/\/cac-cl.pt\/pt\/wp-json\/wp\/v2\/pages\/13299","targetHints":{"allow":["GET"]}}],"collection":[{"href":"https:\/\/cac-cl.pt\/pt\/wp-json\/wp\/v2\/pages"}],"about":[{"href":"https:\/\/cac-cl.pt\/pt\/wp-json\/wp\/v2\/types\/page"}],"author":[{"embeddable":true,"href":"https:\/\/cac-cl.pt\/pt\/wp-json\/wp\/v2\/users\/1"}],"replies":[{"embeddable":true,"href":"https:\/\/cac-cl.pt\/pt\/wp-json\/wp\/v2\/comments?post=13299"}],"version-history":[{"count":7,"href":"https:\/\/cac-cl.pt\/pt\/wp-json\/wp\/v2\/pages\/13299\/revisions"}],"predecessor-version":[{"id":13665,"href":"https:\/\/cac-cl.pt\/pt\/wp-json\/wp\/v2\/pages\/13299\/revisions\/13665"}],"wp:attachment":[{"href":"https:\/\/cac-cl.pt\/pt\/wp-json\/wp\/v2\/media?parent=13299"}],"curies":[{"name":"wp","href":"https:\/\/api.w.org\/{rel}","templated":true}]}}