{"id":13305,"date":"2025-07-23T12:47:40","date_gmt":"2025-07-23T12:47:40","guid":{"rendered":"https:\/\/cac-cl.pt\/?page_id=13305"},"modified":"2025-07-23T12:49:58","modified_gmt":"2025-07-23T12:49:58","slug":"eit-deep-tech-talent-initiative","status":"publish","type":"page","link":"https:\/\/cac-cl.pt\/pt\/eit-deep-tech-talent-initiative\/","title":{"rendered":"EIT Deep Tech Talent Initiative"},"content":{"rendered":"<div data-elementor-type=\"wp-page\" data-elementor-id=\"13305\" class=\"elementor elementor-13305\">\n\t\t\t\t<div class=\"elementor-element elementor-element-7ae5bbd e-flex e-con-boxed e-con e-parent\" data-id=\"7ae5bbd\" data-element_type=\"container\" data-e-type=\"container\">\n\t\t\t\t\t<div class=\"e-con-inner\">\n\t\t\t\t<div class=\"elementor-element elementor-element-d5f09b4 elementor-widget elementor-widget-image\" data-id=\"d5f09b4\" data-element_type=\"widget\" data-e-type=\"widget\" data-widget_type=\"image.default\">\n\t\t\t\t<div class=\"elementor-widget-container\">\n\t\t\t\t\t\t\t\t\t\t\t\t\t\t\t<img fetchpriority=\"high\" decoding=\"async\" width=\"1400\" height=\"700\" src=\"https:\/\/cac-cl.pt\/wp-content\/uploads\/2025\/07\/5-1400x700-1.jpg\" class=\"attachment-2048x2048 size-2048x2048 wp-image-13306\" alt=\"\" srcset=\"https:\/\/cac-cl.pt\/wp-content\/uploads\/2025\/07\/5-1400x700-1.jpg 1400w, https:\/\/cac-cl.pt\/wp-content\/uploads\/2025\/07\/5-1400x700-1-300x150.jpg 300w, https:\/\/cac-cl.pt\/wp-content\/uploads\/2025\/07\/5-1400x700-1-1024x512.jpg 1024w, https:\/\/cac-cl.pt\/wp-content\/uploads\/2025\/07\/5-1400x700-1-768x384.jpg 768w, https:\/\/cac-cl.pt\/wp-content\/uploads\/2025\/07\/5-1400x700-1-18x9.jpg 18w\" sizes=\"(max-width: 1400px) 100vw, 1400px\" \/>\t\t\t\t\t\t\t\t\t\t\t\t\t\t\t<\/div>\n\t\t\t\t<\/div>\n\t\t\t\t<div class=\"elementor-element elementor-element-72883709 elementor-widget elementor-widget-text-editor\" data-id=\"72883709\" data-element_type=\"widget\" data-e-type=\"widget\" data-widget_type=\"text-editor.default\">\n\t\t\t\t<div class=\"elementor-widget-container\">\n\t\t\t\t\t\t\t\t\t\n<p><strong><a href=\"https:\/\/cac-cl.pt\/\">Cat\u00f3lica Luz Clinical Academic Centre (CAC-CL)<\/a><\/strong>\u00a0is delighted to celebrate a major milestone in the journey towards a more skilled workforce in Europe: the<a href=\"https:\/\/www.eitdeeptechtalent.eu\/\">\u00a0<\/a><strong><a href=\"https:\/\/www.eitdeeptechtalent.eu\/the-pledge\/meet-the-pledgers\/cac-catolica-luz-catolica-luz-clinical-academic-centre\/\">EIT Deep Tech Talent Initiativ<\/a><\/strong><a href=\"https:\/\/www.eitdeeptechtalent.eu\/\"><strong>e<\/strong><\/a>, led by the European Institute of Innovation and Technology (EIT), has successfully trained one million talents in deep tech.<\/p>\n\n<p><strong>CAC-CL<\/strong>\u00a0<strong>is one of the pledgers on EIT Deep Tech Talent Initiative!<\/strong><\/p>\n\n<p>As Pledgers of the Initiative, we are proud to have contributed to this achievement! With the support of more than 600 fellow Pledgers and thanks to the EIT\u2019s educational expertise, Europe-wide network, and funding the Initiative is creating essential opportunities for developing deep tech skills.<\/p>\n\n<p>The EIT Deep Tech Talent Initiative currently features a catalogue of over 200 courses offered by Pledgers on fields such as Advanced Computing and Artificial Intelligence, all bearing the Initiative\u2019s Quality Check seal. Training has taken place via training courses, but also through open innovation competitions, conferences, and bootcamps. Moreover, since 2023, women have represented 36% of all trained talents based on reported gender data, which contributes to a more inclusive workforce in Europe.<\/p>\n\n<p>This collective effort to equip Europe\u2019s workforce with cutting-edge skills reflects the strong commitment of the EIT to ensure that European industries remain at the forefront of global innovation, fostering an inclusive workforce, and strengthening Europe\u2019s competitiveness.<\/p>\n\n<p>We are dedicated to continually improving the quality of our training by collaborating closely with students, trainers and other stakeholders. In addition to monitoring and reporting both qualitative and quantitative aspects of our training provision, we place a strong emphasis on gender equality and inclusion, ensuring broad and equitable access to our educational offerings.<\/p>\n\n<p><strong><em>CAC-CL was deeply committed to the mission and objectives of the European Institute of Innovation and Technology\u2019s Deep Tech Talent Initiative. Our motivation to join the Pledge stems from our dedication to advancing the frontiers of life sciences and biotechnology through high-quality education and research, aligned with the urgent needs of today\u2019s rapidly changing technological landscape.<\/em><\/strong><\/p>\n\n<p><strong>The executive courses that are part of this pledge are<\/strong>\u00a0<em><a href=\"https:\/\/cac-cl.pt\/services\/global-pharmaceutical-industry-executive-course\/\"><strong>Global Pharmaceutical Industry: Patient, Strategy and Innovation<\/strong><\/a><\/em>\u00a0e a\u00a0<em><a href=\"https:\/\/cac-cl.pt\/services\/biotech-startups-and-pharma-course\/\"><strong>Biotech Startups and Pharma<\/strong><\/a><\/em>.<\/p>\n\n<p><strong>More information:\u00a0<a href=\"https:\/\/www.eitdeeptechtalent.eu\/the-pledge\/meet-the-pledgers\/cac-catolica-luz-catolica-luz-clinical-academic-centre\/\">https:\/\/www.eitdeeptechtalent.eu\/the-pledge\/meet-the-pledgers\/cac-catolica-luz-catolica-luz-clinical-academic-centre\/<\/a><\/strong><\/p>\n\t\t\t\t\t\t\t\t<\/div>\n\t\t\t\t<\/div>\n\t\t\t\t\t<\/div>\n\t\t\t\t<\/div>\n\t\t\t\t<\/div>","protected":false},"excerpt":{"rendered":"<p>Cat\u00f3lica Luz Clinical Academic Centre (CAC-CL)\u00a0is delighted to celebrate a major milestone in the journey towards a more skilled workforce in Europe: the\u00a0EIT Deep Tech Talent Initiative, led by the European Institute of Innovation and Technology (EIT), has successfully trained one million talents in deep tech. CAC-CL\u00a0is one of the pledgers on EIT Deep Tech [&hellip;]<\/p>\n","protected":false},"author":1,"featured_media":0,"parent":0,"menu_order":0,"comment_status":"closed","ping_status":"closed","template":"","meta":{"_acf_changed":false,"inline_featured_image":false,"footnotes":""},"class_list":["post-13305","page","type-page","status-publish","hentry"],"acf":[],"yoast_head":"<!-- This site is optimized with the Yoast SEO plugin v27.4 - https:\/\/yoast.com\/product\/yoast-seo-wordpress\/ -->\n<title>EIT Deep Tech Talent Initiative | Centro Acad\u00e9mico Cl\u00ednico Cat\u00f3lica Luz (CAC-CL)<\/title>\n<meta name=\"robots\" content=\"index, follow, max-snippet:-1, max-image-preview:large, max-video-preview:-1\" \/>\n<link rel=\"canonical\" href=\"https:\/\/cac-cl.pt\/pt\/eit-deep-tech-talent-initiative\/\" \/>\n<meta property=\"og:locale\" content=\"pt_PT\" \/>\n<meta property=\"og:type\" content=\"article\" \/>\n<meta property=\"og:title\" content=\"EIT Deep Tech Talent Initiative | Centro Acad\u00e9mico Cl\u00ednico Cat\u00f3lica Luz (CAC-CL)\" \/>\n<meta property=\"og:description\" content=\"Cat\u00f3lica Luz Clinical Academic Centre (CAC-CL)\u00a0is delighted to celebrate a major milestone in the journey towards a more skilled workforce in Europe: the\u00a0EIT Deep Tech Talent Initiative, led by the European Institute of Innovation and Technology (EIT), has successfully trained one million talents in deep tech. CAC-CL\u00a0is one of the pledgers on EIT Deep Tech [&hellip;]\" \/>\n<meta property=\"og:url\" content=\"https:\/\/cac-cl.pt\/pt\/eit-deep-tech-talent-initiative\/\" \/>\n<meta property=\"og:site_name\" content=\"Centro Acad\u00e9mico Cl\u00ednico Cat\u00f3lica Luz (CAC-CL)\" \/>\n<meta property=\"article:modified_time\" content=\"2025-07-23T12:49:58+00:00\" \/>\n<meta property=\"og:image\" content=\"https:\/\/cac-cl.pt\/wp-content\/uploads\/2025\/07\/5-1400x700-1.jpg\" \/>\n\t<meta property=\"og:image:width\" content=\"1400\" \/>\n\t<meta property=\"og:image:height\" content=\"700\" \/>\n\t<meta property=\"og:image:type\" content=\"image\/jpeg\" \/>\n<meta name=\"twitter:card\" content=\"summary_large_image\" \/>\n<meta name=\"twitter:label1\" content=\"Tempo estimado de leitura\" \/>\n\t<meta name=\"twitter:data1\" content=\"3 minutos\" \/>\n<script type=\"application\/ld+json\" class=\"yoast-schema-graph\">{\"@context\":\"https:\\\/\\\/schema.org\",\"@graph\":[{\"@type\":\"WebPage\",\"@id\":\"https:\\\/\\\/cac-cl.pt\\\/eit-deep-tech-talent-initiative\\\/\",\"url\":\"https:\\\/\\\/cac-cl.pt\\\/eit-deep-tech-talent-initiative\\\/\",\"name\":\"EIT Deep Tech Talent Initiative | Centro Acad\u00e9mico Cl\u00ednico Cat\u00f3lica Luz (CAC-CL)\",\"isPartOf\":{\"@id\":\"https:\\\/\\\/cac-cl.pt\\\/#website\"},\"primaryImageOfPage\":{\"@id\":\"https:\\\/\\\/cac-cl.pt\\\/eit-deep-tech-talent-initiative\\\/#primaryimage\"},\"image\":{\"@id\":\"https:\\\/\\\/cac-cl.pt\\\/eit-deep-tech-talent-initiative\\\/#primaryimage\"},\"thumbnailUrl\":\"https:\\\/\\\/cac-cl.pt\\\/wp-content\\\/uploads\\\/2025\\\/07\\\/5-1400x700-1.jpg\",\"datePublished\":\"2025-07-23T12:47:40+00:00\",\"dateModified\":\"2025-07-23T12:49:58+00:00\",\"breadcrumb\":{\"@id\":\"https:\\\/\\\/cac-cl.pt\\\/eit-deep-tech-talent-initiative\\\/#breadcrumb\"},\"inLanguage\":\"pt-PT\",\"potentialAction\":[{\"@type\":\"ReadAction\",\"target\":[\"https:\\\/\\\/cac-cl.pt\\\/eit-deep-tech-talent-initiative\\\/\"]}]},{\"@type\":\"ImageObject\",\"inLanguage\":\"pt-PT\",\"@id\":\"https:\\\/\\\/cac-cl.pt\\\/eit-deep-tech-talent-initiative\\\/#primaryimage\",\"url\":\"https:\\\/\\\/cac-cl.pt\\\/wp-content\\\/uploads\\\/2025\\\/07\\\/5-1400x700-1.jpg\",\"contentUrl\":\"https:\\\/\\\/cac-cl.pt\\\/wp-content\\\/uploads\\\/2025\\\/07\\\/5-1400x700-1.jpg\"},{\"@type\":\"BreadcrumbList\",\"@id\":\"https:\\\/\\\/cac-cl.pt\\\/eit-deep-tech-talent-initiative\\\/#breadcrumb\",\"itemListElement\":[{\"@type\":\"ListItem\",\"position\":1,\"name\":\"In\u00edcio\",\"item\":\"https:\\\/\\\/cac-cl.pt\\\/\"},{\"@type\":\"ListItem\",\"position\":2,\"name\":\"EIT Deep Tech Talent Initiative\"}]},{\"@type\":\"WebSite\",\"@id\":\"https:\\\/\\\/cac-cl.pt\\\/#website\",\"url\":\"https:\\\/\\\/cac-cl.pt\\\/\",\"name\":\"Centro Acad\u00e9mico Cl\u00ednico Cat\u00f3lica Luz (CAC-CL)\",\"description\":\"Centro Acad\u00e9mico Cl\u00ednico Cat\u00f3lica Luz\",\"publisher\":{\"@id\":\"https:\\\/\\\/cac-cl.pt\\\/#organization\"},\"alternateName\":\"CAC-CL\",\"potentialAction\":[{\"@type\":\"SearchAction\",\"target\":{\"@type\":\"EntryPoint\",\"urlTemplate\":\"https:\\\/\\\/cac-cl.pt\\\/?s={search_term_string}\"},\"query-input\":{\"@type\":\"PropertyValueSpecification\",\"valueRequired\":true,\"valueName\":\"search_term_string\"}}],\"inLanguage\":\"pt-PT\"},{\"@type\":\"Organization\",\"@id\":\"https:\\\/\\\/cac-cl.pt\\\/#organization\",\"name\":\"Centro Acad\u00e9mico Cl\u00ednico Cat\u00f3lica Luz (CAC-CL)\",\"alternateName\":\"CAC-CL\",\"url\":\"https:\\\/\\\/cac-cl.pt\\\/\",\"logo\":{\"@type\":\"ImageObject\",\"inLanguage\":\"pt-PT\",\"@id\":\"https:\\\/\\\/cac-cl.pt\\\/#\\\/schema\\\/logo\\\/image\\\/\",\"url\":\"https:\\\/\\\/cac-cl.pt\\\/wp-content\\\/uploads\\\/2024\\\/04\\\/cropped-CAC_Logotipo_Principal_Positivo-e1712844263631.png\",\"contentUrl\":\"https:\\\/\\\/cac-cl.pt\\\/wp-content\\\/uploads\\\/2024\\\/04\\\/cropped-CAC_Logotipo_Principal_Positivo-e1712844263631.png\",\"width\":2249,\"height\":1409,\"caption\":\"Centro Acad\u00e9mico Cl\u00ednico Cat\u00f3lica Luz (CAC-CL)\"},\"image\":{\"@id\":\"https:\\\/\\\/cac-cl.pt\\\/#\\\/schema\\\/logo\\\/image\\\/\"},\"sameAs\":[\"https:\\\/\\\/www.linkedin.com\\\/company\\\/caolica-luz-cac\\\/\",\"https:\\\/\\\/www.instagram.com\\\/caccl.pt\\\/\",\"https:\\\/\\\/pt.pinterest.com\\\/catolicaluz\\\/\"]}]}<\/script>\n<!-- \/ Yoast SEO plugin. -->","yoast_head_json":{"title":"EIT Deep Tech Talent Initiative | Centro Acad\u00e9mico Cl\u00ednico Cat\u00f3lica Luz (CAC-CL)","robots":{"index":"index","follow":"follow","max-snippet":"max-snippet:-1","max-image-preview":"max-image-preview:large","max-video-preview":"max-video-preview:-1"},"canonical":"https:\/\/cac-cl.pt\/pt\/eit-deep-tech-talent-initiative\/","og_locale":"pt_PT","og_type":"article","og_title":"EIT Deep Tech Talent Initiative | Centro Acad\u00e9mico Cl\u00ednico Cat\u00f3lica Luz (CAC-CL)","og_description":"Cat\u00f3lica Luz Clinical Academic Centre (CAC-CL)\u00a0is delighted to celebrate a major milestone in the journey towards a more skilled workforce in Europe: the\u00a0EIT Deep Tech Talent Initiative, led by the European Institute of Innovation and Technology (EIT), has successfully trained one million talents in deep tech. CAC-CL\u00a0is one of the pledgers on EIT Deep Tech [&hellip;]","og_url":"https:\/\/cac-cl.pt\/pt\/eit-deep-tech-talent-initiative\/","og_site_name":"Centro Acad\u00e9mico Cl\u00ednico Cat\u00f3lica Luz (CAC-CL)","article_modified_time":"2025-07-23T12:49:58+00:00","og_image":[{"width":1400,"height":700,"url":"https:\/\/cac-cl.pt\/wp-content\/uploads\/2025\/07\/5-1400x700-1.jpg","type":"image\/jpeg"}],"twitter_card":"summary_large_image","twitter_misc":{"Tempo estimado de leitura":"3 minutos"},"schema":{"@context":"https:\/\/schema.org","@graph":[{"@type":"WebPage","@id":"https:\/\/cac-cl.pt\/eit-deep-tech-talent-initiative\/","url":"https:\/\/cac-cl.pt\/eit-deep-tech-talent-initiative\/","name":"EIT Deep Tech Talent Initiative | Centro Acad\u00e9mico Cl\u00ednico Cat\u00f3lica Luz (CAC-CL)","isPartOf":{"@id":"https:\/\/cac-cl.pt\/#website"},"primaryImageOfPage":{"@id":"https:\/\/cac-cl.pt\/eit-deep-tech-talent-initiative\/#primaryimage"},"image":{"@id":"https:\/\/cac-cl.pt\/eit-deep-tech-talent-initiative\/#primaryimage"},"thumbnailUrl":"https:\/\/cac-cl.pt\/wp-content\/uploads\/2025\/07\/5-1400x700-1.jpg","datePublished":"2025-07-23T12:47:40+00:00","dateModified":"2025-07-23T12:49:58+00:00","breadcrumb":{"@id":"https:\/\/cac-cl.pt\/eit-deep-tech-talent-initiative\/#breadcrumb"},"inLanguage":"pt-PT","potentialAction":[{"@type":"ReadAction","target":["https:\/\/cac-cl.pt\/eit-deep-tech-talent-initiative\/"]}]},{"@type":"ImageObject","inLanguage":"pt-PT","@id":"https:\/\/cac-cl.pt\/eit-deep-tech-talent-initiative\/#primaryimage","url":"https:\/\/cac-cl.pt\/wp-content\/uploads\/2025\/07\/5-1400x700-1.jpg","contentUrl":"https:\/\/cac-cl.pt\/wp-content\/uploads\/2025\/07\/5-1400x700-1.jpg"},{"@type":"BreadcrumbList","@id":"https:\/\/cac-cl.pt\/eit-deep-tech-talent-initiative\/#breadcrumb","itemListElement":[{"@type":"ListItem","position":1,"name":"In\u00edcio","item":"https:\/\/cac-cl.pt\/"},{"@type":"ListItem","position":2,"name":"EIT Deep Tech Talent Initiative"}]},{"@type":"WebSite","@id":"https:\/\/cac-cl.pt\/#website","url":"https:\/\/cac-cl.pt\/","name":"Centro Acad\u00e9mico Cl\u00ednico Cat\u00f3lica Luz (CAC-CL)","description":"Centro Acad\u00e9mico Cl\u00ednico Cat\u00f3lica Luz","publisher":{"@id":"https:\/\/cac-cl.pt\/#organization"},"alternateName":"CAC-CL","potentialAction":[{"@type":"SearchAction","target":{"@type":"EntryPoint","urlTemplate":"https:\/\/cac-cl.pt\/?s={search_term_string}"},"query-input":{"@type":"PropertyValueSpecification","valueRequired":true,"valueName":"search_term_string"}}],"inLanguage":"pt-PT"},{"@type":"Organization","@id":"https:\/\/cac-cl.pt\/#organization","name":"Centro Acad\u00e9mico Cl\u00ednico Cat\u00f3lica Luz (CAC-CL)","alternateName":"CAC-CL","url":"https:\/\/cac-cl.pt\/","logo":{"@type":"ImageObject","inLanguage":"pt-PT","@id":"https:\/\/cac-cl.pt\/#\/schema\/logo\/image\/","url":"https:\/\/cac-cl.pt\/wp-content\/uploads\/2024\/04\/cropped-CAC_Logotipo_Principal_Positivo-e1712844263631.png","contentUrl":"https:\/\/cac-cl.pt\/wp-content\/uploads\/2024\/04\/cropped-CAC_Logotipo_Principal_Positivo-e1712844263631.png","width":2249,"height":1409,"caption":"Centro Acad\u00e9mico Cl\u00ednico Cat\u00f3lica Luz (CAC-CL)"},"image":{"@id":"https:\/\/cac-cl.pt\/#\/schema\/logo\/image\/"},"sameAs":["https:\/\/www.linkedin.com\/company\/caolica-luz-cac\/","https:\/\/www.instagram.com\/caccl.pt\/","https:\/\/pt.pinterest.com\/catolicaluz\/"]}]}},"_links":{"self":[{"href":"https:\/\/cac-cl.pt\/pt\/wp-json\/wp\/v2\/pages\/13305","targetHints":{"allow":["GET"]}}],"collection":[{"href":"https:\/\/cac-cl.pt\/pt\/wp-json\/wp\/v2\/pages"}],"about":[{"href":"https:\/\/cac-cl.pt\/pt\/wp-json\/wp\/v2\/types\/page"}],"author":[{"embeddable":true,"href":"https:\/\/cac-cl.pt\/pt\/wp-json\/wp\/v2\/users\/1"}],"replies":[{"embeddable":true,"href":"https:\/\/cac-cl.pt\/pt\/wp-json\/wp\/v2\/comments?post=13305"}],"version-history":[{"count":3,"href":"https:\/\/cac-cl.pt\/pt\/wp-json\/wp\/v2\/pages\/13305\/revisions"}],"predecessor-version":[{"id":13309,"href":"https:\/\/cac-cl.pt\/pt\/wp-json\/wp\/v2\/pages\/13305\/revisions\/13309"}],"wp:attachment":[{"href":"https:\/\/cac-cl.pt\/pt\/wp-json\/wp\/v2\/media?parent=13305"}],"curies":[{"name":"wp","href":"https:\/\/api.w.org\/{rel}","templated":true}]}}