{"id":13898,"date":"2025-10-15T10:58:23","date_gmt":"2025-10-15T10:58:23","guid":{"rendered":"https:\/\/cac-cl.pt\/?page_id=13898"},"modified":"2025-10-15T10:59:47","modified_gmt":"2025-10-15T10:59:47","slug":"post-doctoral-researcher-recruitment","status":"publish","type":"page","link":"https:\/\/cac-cl.pt\/pt\/post-doctoral-researcher-recruitment\/","title":{"rendered":"POST-DOCTORAL RESEARCHER RECRUITMENT"},"content":{"rendered":"<div data-elementor-type=\"wp-page\" data-elementor-id=\"13898\" class=\"elementor elementor-13898\">\n\t\t\t\t<div class=\"elementor-element elementor-element-6e11ac3 e-flex e-con-boxed e-con e-parent\" data-id=\"6e11ac3\" data-element_type=\"container\" data-e-type=\"container\">\n\t\t\t\t\t<div class=\"e-con-inner\">\n\t\t\t\t<div class=\"elementor-element elementor-element-22c46e7 elementor-widget elementor-widget-text-editor\" data-id=\"22c46e7\" data-element_type=\"widget\" data-e-type=\"widget\" data-widget_type=\"text-editor.default\">\n\t\t\t\t<div class=\"elementor-widget-container\">\n\t\t\t\t\t\t\t\t\t<p>CBR hereby announces the opening of an international call for applications for one vacancy of junior doctoral researcher to perform duties of scientific research (with an exclusivity clause), in the scientific field of Parasitology. The research activities will be carried out at the Cat\u00f3lica Biomedical Research Centre (CBR), integrated at the Cat\u00f3lica Medical School of Universidade Cat\u00f3Iica Portuguesa, in Lisboa &#8211; Oeiras, within the framework of the programmatic funding of R&amp;D Unit UID\/06497: Cat\u00f3lica Biomedical Research Centre, supported by national funds through the FCT budget and, when eligible, co-funded by European funds.<\/p><p><strong>Application period:<\/strong> 14\/10\/2025 \u2013 27\/10\/2025<\/p><p><strong>Predicted starting date:<\/strong> November 2025<\/p><p><strong><a href=\"https:\/\/fm.ucp.pt\/asset\/10986\/file\">More information here!<\/a><\/strong><\/p>\t\t\t\t\t\t\t\t<\/div>\n\t\t\t\t<\/div>\n\t\t\t\t\t<\/div>\n\t\t\t\t<\/div>\n\t\t\t\t<\/div>","protected":false},"excerpt":{"rendered":"<p>CBR hereby announces the opening of an international call for applications for one vacancy of junior doctoral researcher to perform duties of scientific research (with an exclusivity clause), in the scientific field of Parasitology. The research activities will be carried out at the Cat\u00f3lica Biomedical Research Centre (CBR), integrated at the Cat\u00f3lica Medical School of [&hellip;]<\/p>\n","protected":false},"author":1,"featured_media":0,"parent":0,"menu_order":0,"comment_status":"closed","ping_status":"closed","template":"","meta":{"_acf_changed":false,"inline_featured_image":false,"footnotes":""},"class_list":["post-13898","page","type-page","status-publish","hentry"],"acf":[],"yoast_head":"<!-- This site is optimized with the Yoast SEO plugin v27.4 - https:\/\/yoast.com\/product\/yoast-seo-wordpress\/ -->\n<title>POST-DOCTORAL RESEARCHER RECRUITMENT | Centro Acad\u00e9mico Cl\u00ednico Cat\u00f3lica Luz (CAC-CL)<\/title>\n<meta name=\"robots\" content=\"index, follow, max-snippet:-1, max-image-preview:large, max-video-preview:-1\" \/>\n<link rel=\"canonical\" href=\"https:\/\/cac-cl.pt\/pt\/post-doctoral-researcher-recruitment\/\" \/>\n<meta property=\"og:locale\" content=\"pt_PT\" \/>\n<meta property=\"og:type\" content=\"article\" \/>\n<meta property=\"og:title\" content=\"POST-DOCTORAL RESEARCHER RECRUITMENT | Centro Acad\u00e9mico Cl\u00ednico Cat\u00f3lica Luz (CAC-CL)\" \/>\n<meta property=\"og:description\" content=\"CBR hereby announces the opening of an international call for applications for one vacancy of junior doctoral researcher to perform duties of scientific research (with an exclusivity clause), in the scientific field of Parasitology. The research activities will be carried out at the Cat\u00f3lica Biomedical Research Centre (CBR), integrated at the Cat\u00f3lica Medical School of [&hellip;]\" \/>\n<meta property=\"og:url\" content=\"https:\/\/cac-cl.pt\/pt\/post-doctoral-researcher-recruitment\/\" \/>\n<meta property=\"og:site_name\" content=\"Centro Acad\u00e9mico Cl\u00ednico Cat\u00f3lica Luz (CAC-CL)\" \/>\n<meta property=\"article:modified_time\" content=\"2025-10-15T10:59:47+00:00\" \/>\n<meta property=\"og:image\" content=\"https:\/\/cac-cl.pt\/wp-content\/uploads\/2024\/04\/cropped-CAC_Logotipo_Principal_Positivo-e1712844263631.png\" \/>\n\t<meta property=\"og:image:width\" content=\"2249\" \/>\n\t<meta property=\"og:image:height\" content=\"1409\" \/>\n\t<meta property=\"og:image:type\" content=\"image\/png\" \/>\n<meta name=\"twitter:card\" content=\"summary_large_image\" \/>\n<meta name=\"twitter:label1\" content=\"Tempo estimado de leitura\" \/>\n\t<meta name=\"twitter:data1\" content=\"1 minuto\" \/>\n<script type=\"application\/ld+json\" class=\"yoast-schema-graph\">{\"@context\":\"https:\\\/\\\/schema.org\",\"@graph\":[{\"@type\":\"WebPage\",\"@id\":\"https:\\\/\\\/cac-cl.pt\\\/post-doctoral-researcher-recruitment\\\/\",\"url\":\"https:\\\/\\\/cac-cl.pt\\\/post-doctoral-researcher-recruitment\\\/\",\"name\":\"POST-DOCTORAL RESEARCHER RECRUITMENT | Centro Acad\u00e9mico Cl\u00ednico Cat\u00f3lica Luz (CAC-CL)\",\"isPartOf\":{\"@id\":\"https:\\\/\\\/cac-cl.pt\\\/#website\"},\"datePublished\":\"2025-10-15T10:58:23+00:00\",\"dateModified\":\"2025-10-15T10:59:47+00:00\",\"breadcrumb\":{\"@id\":\"https:\\\/\\\/cac-cl.pt\\\/post-doctoral-researcher-recruitment\\\/#breadcrumb\"},\"inLanguage\":\"pt-PT\",\"potentialAction\":[{\"@type\":\"ReadAction\",\"target\":[\"https:\\\/\\\/cac-cl.pt\\\/post-doctoral-researcher-recruitment\\\/\"]}]},{\"@type\":\"BreadcrumbList\",\"@id\":\"https:\\\/\\\/cac-cl.pt\\\/post-doctoral-researcher-recruitment\\\/#breadcrumb\",\"itemListElement\":[{\"@type\":\"ListItem\",\"position\":1,\"name\":\"In\u00edcio\",\"item\":\"https:\\\/\\\/cac-cl.pt\\\/\"},{\"@type\":\"ListItem\",\"position\":2,\"name\":\"POST-DOCTORAL RESEARCHER RECRUITMENT\"}]},{\"@type\":\"WebSite\",\"@id\":\"https:\\\/\\\/cac-cl.pt\\\/#website\",\"url\":\"https:\\\/\\\/cac-cl.pt\\\/\",\"name\":\"Centro Acad\u00e9mico Cl\u00ednico Cat\u00f3lica Luz (CAC-CL)\",\"description\":\"Centro Acad\u00e9mico Cl\u00ednico Cat\u00f3lica Luz\",\"publisher\":{\"@id\":\"https:\\\/\\\/cac-cl.pt\\\/#organization\"},\"alternateName\":\"CAC-CL\",\"potentialAction\":[{\"@type\":\"SearchAction\",\"target\":{\"@type\":\"EntryPoint\",\"urlTemplate\":\"https:\\\/\\\/cac-cl.pt\\\/?s={search_term_string}\"},\"query-input\":{\"@type\":\"PropertyValueSpecification\",\"valueRequired\":true,\"valueName\":\"search_term_string\"}}],\"inLanguage\":\"pt-PT\"},{\"@type\":\"Organization\",\"@id\":\"https:\\\/\\\/cac-cl.pt\\\/#organization\",\"name\":\"Centro Acad\u00e9mico Cl\u00ednico Cat\u00f3lica Luz (CAC-CL)\",\"alternateName\":\"CAC-CL\",\"url\":\"https:\\\/\\\/cac-cl.pt\\\/\",\"logo\":{\"@type\":\"ImageObject\",\"inLanguage\":\"pt-PT\",\"@id\":\"https:\\\/\\\/cac-cl.pt\\\/#\\\/schema\\\/logo\\\/image\\\/\",\"url\":\"https:\\\/\\\/cac-cl.pt\\\/wp-content\\\/uploads\\\/2024\\\/04\\\/cropped-CAC_Logotipo_Principal_Positivo-e1712844263631.png\",\"contentUrl\":\"https:\\\/\\\/cac-cl.pt\\\/wp-content\\\/uploads\\\/2024\\\/04\\\/cropped-CAC_Logotipo_Principal_Positivo-e1712844263631.png\",\"width\":2249,\"height\":1409,\"caption\":\"Centro Acad\u00e9mico Cl\u00ednico Cat\u00f3lica Luz (CAC-CL)\"},\"image\":{\"@id\":\"https:\\\/\\\/cac-cl.pt\\\/#\\\/schema\\\/logo\\\/image\\\/\"},\"sameAs\":[\"https:\\\/\\\/www.linkedin.com\\\/company\\\/caolica-luz-cac\\\/\",\"https:\\\/\\\/www.instagram.com\\\/caccl.pt\\\/\",\"https:\\\/\\\/pt.pinterest.com\\\/catolicaluz\\\/\"]}]}<\/script>\n<!-- \/ Yoast SEO plugin. -->","yoast_head_json":{"title":"POST-DOCTORAL RESEARCHER RECRUITMENT | Centro Acad\u00e9mico Cl\u00ednico Cat\u00f3lica Luz (CAC-CL)","robots":{"index":"index","follow":"follow","max-snippet":"max-snippet:-1","max-image-preview":"max-image-preview:large","max-video-preview":"max-video-preview:-1"},"canonical":"https:\/\/cac-cl.pt\/pt\/post-doctoral-researcher-recruitment\/","og_locale":"pt_PT","og_type":"article","og_title":"POST-DOCTORAL RESEARCHER RECRUITMENT | Centro Acad\u00e9mico Cl\u00ednico Cat\u00f3lica Luz (CAC-CL)","og_description":"CBR hereby announces the opening of an international call for applications for one vacancy of junior doctoral researcher to perform duties of scientific research (with an exclusivity clause), in the scientific field of Parasitology. The research activities will be carried out at the Cat\u00f3lica Biomedical Research Centre (CBR), integrated at the Cat\u00f3lica Medical School of [&hellip;]","og_url":"https:\/\/cac-cl.pt\/pt\/post-doctoral-researcher-recruitment\/","og_site_name":"Centro Acad\u00e9mico Cl\u00ednico Cat\u00f3lica Luz (CAC-CL)","article_modified_time":"2025-10-15T10:59:47+00:00","og_image":[{"width":2249,"height":1409,"url":"https:\/\/cac-cl.pt\/wp-content\/uploads\/2024\/04\/cropped-CAC_Logotipo_Principal_Positivo-e1712844263631.png","type":"image\/png"}],"twitter_card":"summary_large_image","twitter_misc":{"Tempo estimado de leitura":"1 minuto"},"schema":{"@context":"https:\/\/schema.org","@graph":[{"@type":"WebPage","@id":"https:\/\/cac-cl.pt\/post-doctoral-researcher-recruitment\/","url":"https:\/\/cac-cl.pt\/post-doctoral-researcher-recruitment\/","name":"POST-DOCTORAL RESEARCHER RECRUITMENT | Centro Acad\u00e9mico Cl\u00ednico Cat\u00f3lica Luz (CAC-CL)","isPartOf":{"@id":"https:\/\/cac-cl.pt\/#website"},"datePublished":"2025-10-15T10:58:23+00:00","dateModified":"2025-10-15T10:59:47+00:00","breadcrumb":{"@id":"https:\/\/cac-cl.pt\/post-doctoral-researcher-recruitment\/#breadcrumb"},"inLanguage":"pt-PT","potentialAction":[{"@type":"ReadAction","target":["https:\/\/cac-cl.pt\/post-doctoral-researcher-recruitment\/"]}]},{"@type":"BreadcrumbList","@id":"https:\/\/cac-cl.pt\/post-doctoral-researcher-recruitment\/#breadcrumb","itemListElement":[{"@type":"ListItem","position":1,"name":"In\u00edcio","item":"https:\/\/cac-cl.pt\/"},{"@type":"ListItem","position":2,"name":"POST-DOCTORAL RESEARCHER RECRUITMENT"}]},{"@type":"WebSite","@id":"https:\/\/cac-cl.pt\/#website","url":"https:\/\/cac-cl.pt\/","name":"Centro Acad\u00e9mico Cl\u00ednico Cat\u00f3lica Luz (CAC-CL)","description":"Centro Acad\u00e9mico Cl\u00ednico Cat\u00f3lica Luz","publisher":{"@id":"https:\/\/cac-cl.pt\/#organization"},"alternateName":"CAC-CL","potentialAction":[{"@type":"SearchAction","target":{"@type":"EntryPoint","urlTemplate":"https:\/\/cac-cl.pt\/?s={search_term_string}"},"query-input":{"@type":"PropertyValueSpecification","valueRequired":true,"valueName":"search_term_string"}}],"inLanguage":"pt-PT"},{"@type":"Organization","@id":"https:\/\/cac-cl.pt\/#organization","name":"Centro Acad\u00e9mico Cl\u00ednico Cat\u00f3lica Luz (CAC-CL)","alternateName":"CAC-CL","url":"https:\/\/cac-cl.pt\/","logo":{"@type":"ImageObject","inLanguage":"pt-PT","@id":"https:\/\/cac-cl.pt\/#\/schema\/logo\/image\/","url":"https:\/\/cac-cl.pt\/wp-content\/uploads\/2024\/04\/cropped-CAC_Logotipo_Principal_Positivo-e1712844263631.png","contentUrl":"https:\/\/cac-cl.pt\/wp-content\/uploads\/2024\/04\/cropped-CAC_Logotipo_Principal_Positivo-e1712844263631.png","width":2249,"height":1409,"caption":"Centro Acad\u00e9mico Cl\u00ednico Cat\u00f3lica Luz (CAC-CL)"},"image":{"@id":"https:\/\/cac-cl.pt\/#\/schema\/logo\/image\/"},"sameAs":["https:\/\/www.linkedin.com\/company\/caolica-luz-cac\/","https:\/\/www.instagram.com\/caccl.pt\/","https:\/\/pt.pinterest.com\/catolicaluz\/"]}]}},"_links":{"self":[{"href":"https:\/\/cac-cl.pt\/pt\/wp-json\/wp\/v2\/pages\/13898","targetHints":{"allow":["GET"]}}],"collection":[{"href":"https:\/\/cac-cl.pt\/pt\/wp-json\/wp\/v2\/pages"}],"about":[{"href":"https:\/\/cac-cl.pt\/pt\/wp-json\/wp\/v2\/types\/page"}],"author":[{"embeddable":true,"href":"https:\/\/cac-cl.pt\/pt\/wp-json\/wp\/v2\/users\/1"}],"replies":[{"embeddable":true,"href":"https:\/\/cac-cl.pt\/pt\/wp-json\/wp\/v2\/comments?post=13898"}],"version-history":[{"count":3,"href":"https:\/\/cac-cl.pt\/pt\/wp-json\/wp\/v2\/pages\/13898\/revisions"}],"predecessor-version":[{"id":13901,"href":"https:\/\/cac-cl.pt\/pt\/wp-json\/wp\/v2\/pages\/13898\/revisions\/13901"}],"wp:attachment":[{"href":"https:\/\/cac-cl.pt\/pt\/wp-json\/wp\/v2\/media?parent=13898"}],"curies":[{"name":"wp","href":"https:\/\/api.w.org\/{rel}","templated":true}]}}