{"id":14546,"date":"2026-02-20T13:22:15","date_gmt":"2026-02-20T13:22:15","guid":{"rendered":"https:\/\/cac-cl.pt\/?page_id=14546"},"modified":"2026-02-20T13:24:26","modified_gmt":"2026-02-20T13:24:26","slug":"call-for-applications-for-a-research-fellowship-for-phd-student","status":"publish","type":"page","link":"https:\/\/cac-cl.pt\/pt\/call-for-applications-for-a-research-fellowship-for-phd-student\/","title":{"rendered":"CALL FOR APPLICATIONS FOR A RESEARCH FELLOWSHIP FOR PhD STUDENT"},"content":{"rendered":"<div data-elementor-type=\"wp-page\" data-elementor-id=\"14546\" class=\"elementor elementor-14546\">\n\t\t\t\t<div class=\"elementor-element elementor-element-f8a25aa e-flex e-con-boxed e-con e-parent\" data-id=\"f8a25aa\" data-element_type=\"container\" data-e-type=\"container\">\n\t\t\t\t\t<div class=\"e-con-inner\">\n\t\t\t\t<div class=\"elementor-element elementor-element-62886b7 elementor-widget elementor-widget-text-editor\" data-id=\"62886b7\" data-element_type=\"widget\" data-e-type=\"widget\" data-widget_type=\"text-editor.default\">\n\t\t\t\t<div class=\"elementor-widget-container\">\n\t\t\t\t\t\t\t\t\t<p>CIIS hereby announces the opening of a call for applications for one Research Fellowship for a PhD student, on the basis of exclusive dedication, under the terms of UCP&#8217;s Regulations on Research Grants, to carry out research activities and support the implementation of all project activities of Biobank Manager at the Centre for Interdisciplinary Research in Health (CIIS), at the Faculty of Medicine, funded by Funda\u00e7\u00e3o para a Ci\u00eancia e Tecnologia, I.P., with the project reference UID\/04279\/2025.&nbsp;<\/p>\n<p><strong>Application period: <\/strong>23\/02\/2026 a 06\/03\/2026<\/p>\n<p><a style=\"background-color: #f6f6f6; color: #0d9bad; font-weight: bold;\" href=\"https:\/\/fm.ucp.pt\/asset\/12091\/file\">More information here!<\/a><\/p>\t\t\t\t\t\t\t\t<\/div>\n\t\t\t\t<\/div>\n\t\t\t\t\t<\/div>\n\t\t\t\t<\/div>\n\t\t\t\t<\/div>","protected":false},"excerpt":{"rendered":"<p>CIIS hereby announces the opening of a call for applications for one Research Fellowship for a PhD student, on the basis of exclusive dedication, under the terms of UCP&#8217;s Regulations on Research Grants, to carry out research activities and support the implementation of all project activities of Biobank Manager at the Centre for Interdisciplinary Research [&hellip;]<\/p>\n","protected":false},"author":1,"featured_media":0,"parent":0,"menu_order":0,"comment_status":"closed","ping_status":"closed","template":"","meta":{"_acf_changed":false,"inline_featured_image":false,"footnotes":""},"class_list":["post-14546","page","type-page","status-publish","hentry"],"acf":[],"yoast_head":"<!-- This site is optimized with the Yoast SEO plugin v27.4 - https:\/\/yoast.com\/product\/yoast-seo-wordpress\/ -->\n<title>CALL FOR APPLICATIONS FOR A RESEARCH FELLOWSHIP FOR PhD STUDENT | Centro Acad\u00e9mico Cl\u00ednico Cat\u00f3lica Luz (CAC-CL)<\/title>\n<meta name=\"robots\" content=\"index, follow, max-snippet:-1, max-image-preview:large, max-video-preview:-1\" \/>\n<link rel=\"canonical\" href=\"https:\/\/cac-cl.pt\/pt\/call-for-applications-for-a-research-fellowship-for-phd-student\/\" \/>\n<meta property=\"og:locale\" content=\"pt_PT\" \/>\n<meta property=\"og:type\" content=\"article\" \/>\n<meta property=\"og:title\" content=\"CALL FOR APPLICATIONS FOR A RESEARCH FELLOWSHIP FOR PhD STUDENT | Centro Acad\u00e9mico Cl\u00ednico Cat\u00f3lica Luz (CAC-CL)\" \/>\n<meta property=\"og:description\" content=\"CIIS hereby announces the opening of a call for applications for one Research Fellowship for a PhD student, on the basis of exclusive dedication, under the terms of UCP&#8217;s Regulations on Research Grants, to carry out research activities and support the implementation of all project activities of Biobank Manager at the Centre for Interdisciplinary Research [&hellip;]\" \/>\n<meta property=\"og:url\" content=\"https:\/\/cac-cl.pt\/pt\/call-for-applications-for-a-research-fellowship-for-phd-student\/\" \/>\n<meta property=\"og:site_name\" content=\"Centro Acad\u00e9mico Cl\u00ednico Cat\u00f3lica Luz (CAC-CL)\" \/>\n<meta property=\"article:modified_time\" content=\"2026-02-20T13:24:26+00:00\" \/>\n<meta property=\"og:image\" content=\"https:\/\/cac-cl.pt\/wp-content\/uploads\/2024\/04\/cropped-CAC_Logotipo_Principal_Positivo-e1712844263631.png\" \/>\n\t<meta property=\"og:image:width\" content=\"2249\" \/>\n\t<meta property=\"og:image:height\" content=\"1409\" \/>\n\t<meta property=\"og:image:type\" content=\"image\/png\" \/>\n<meta name=\"twitter:card\" content=\"summary_large_image\" \/>\n<meta name=\"twitter:label1\" content=\"Tempo estimado de leitura\" \/>\n\t<meta name=\"twitter:data1\" content=\"1 minuto\" \/>\n<script type=\"application\/ld+json\" class=\"yoast-schema-graph\">{\"@context\":\"https:\\\/\\\/schema.org\",\"@graph\":[{\"@type\":\"WebPage\",\"@id\":\"https:\\\/\\\/cac-cl.pt\\\/call-for-applications-for-a-research-fellowship-for-phd-student\\\/\",\"url\":\"https:\\\/\\\/cac-cl.pt\\\/call-for-applications-for-a-research-fellowship-for-phd-student\\\/\",\"name\":\"CALL FOR APPLICATIONS FOR A RESEARCH FELLOWSHIP FOR PhD STUDENT | Centro Acad\u00e9mico Cl\u00ednico Cat\u00f3lica Luz (CAC-CL)\",\"isPartOf\":{\"@id\":\"https:\\\/\\\/cac-cl.pt\\\/#website\"},\"datePublished\":\"2026-02-20T13:22:15+00:00\",\"dateModified\":\"2026-02-20T13:24:26+00:00\",\"breadcrumb\":{\"@id\":\"https:\\\/\\\/cac-cl.pt\\\/call-for-applications-for-a-research-fellowship-for-phd-student\\\/#breadcrumb\"},\"inLanguage\":\"pt-PT\",\"potentialAction\":[{\"@type\":\"ReadAction\",\"target\":[\"https:\\\/\\\/cac-cl.pt\\\/call-for-applications-for-a-research-fellowship-for-phd-student\\\/\"]}]},{\"@type\":\"BreadcrumbList\",\"@id\":\"https:\\\/\\\/cac-cl.pt\\\/call-for-applications-for-a-research-fellowship-for-phd-student\\\/#breadcrumb\",\"itemListElement\":[{\"@type\":\"ListItem\",\"position\":1,\"name\":\"In\u00edcio\",\"item\":\"https:\\\/\\\/cac-cl.pt\\\/\"},{\"@type\":\"ListItem\",\"position\":2,\"name\":\"CALL FOR APPLICATIONS FOR A RESEARCH FELLOWSHIP FOR PhD STUDENT\"}]},{\"@type\":\"WebSite\",\"@id\":\"https:\\\/\\\/cac-cl.pt\\\/#website\",\"url\":\"https:\\\/\\\/cac-cl.pt\\\/\",\"name\":\"Centro Acad\u00e9mico Cl\u00ednico Cat\u00f3lica Luz (CAC-CL)\",\"description\":\"Centro Acad\u00e9mico Cl\u00ednico Cat\u00f3lica Luz\",\"publisher\":{\"@id\":\"https:\\\/\\\/cac-cl.pt\\\/#organization\"},\"alternateName\":\"CAC-CL\",\"potentialAction\":[{\"@type\":\"SearchAction\",\"target\":{\"@type\":\"EntryPoint\",\"urlTemplate\":\"https:\\\/\\\/cac-cl.pt\\\/?s={search_term_string}\"},\"query-input\":{\"@type\":\"PropertyValueSpecification\",\"valueRequired\":true,\"valueName\":\"search_term_string\"}}],\"inLanguage\":\"pt-PT\"},{\"@type\":\"Organization\",\"@id\":\"https:\\\/\\\/cac-cl.pt\\\/#organization\",\"name\":\"Centro Acad\u00e9mico Cl\u00ednico Cat\u00f3lica Luz (CAC-CL)\",\"alternateName\":\"CAC-CL\",\"url\":\"https:\\\/\\\/cac-cl.pt\\\/\",\"logo\":{\"@type\":\"ImageObject\",\"inLanguage\":\"pt-PT\",\"@id\":\"https:\\\/\\\/cac-cl.pt\\\/#\\\/schema\\\/logo\\\/image\\\/\",\"url\":\"https:\\\/\\\/cac-cl.pt\\\/wp-content\\\/uploads\\\/2024\\\/04\\\/cropped-CAC_Logotipo_Principal_Positivo-e1712844263631.png\",\"contentUrl\":\"https:\\\/\\\/cac-cl.pt\\\/wp-content\\\/uploads\\\/2024\\\/04\\\/cropped-CAC_Logotipo_Principal_Positivo-e1712844263631.png\",\"width\":2249,\"height\":1409,\"caption\":\"Centro Acad\u00e9mico Cl\u00ednico Cat\u00f3lica Luz (CAC-CL)\"},\"image\":{\"@id\":\"https:\\\/\\\/cac-cl.pt\\\/#\\\/schema\\\/logo\\\/image\\\/\"},\"sameAs\":[\"https:\\\/\\\/www.linkedin.com\\\/company\\\/caolica-luz-cac\\\/\",\"https:\\\/\\\/www.instagram.com\\\/caccl.pt\\\/\",\"https:\\\/\\\/pt.pinterest.com\\\/catolicaluz\\\/\"]}]}<\/script>\n<!-- \/ Yoast SEO plugin. -->","yoast_head_json":{"title":"CALL FOR APPLICATIONS FOR A RESEARCH FELLOWSHIP FOR PhD STUDENT | Centro Acad\u00e9mico Cl\u00ednico Cat\u00f3lica Luz (CAC-CL)","robots":{"index":"index","follow":"follow","max-snippet":"max-snippet:-1","max-image-preview":"max-image-preview:large","max-video-preview":"max-video-preview:-1"},"canonical":"https:\/\/cac-cl.pt\/pt\/call-for-applications-for-a-research-fellowship-for-phd-student\/","og_locale":"pt_PT","og_type":"article","og_title":"CALL FOR APPLICATIONS FOR A RESEARCH FELLOWSHIP FOR PhD STUDENT | Centro Acad\u00e9mico Cl\u00ednico Cat\u00f3lica Luz (CAC-CL)","og_description":"CIIS hereby announces the opening of a call for applications for one Research Fellowship for a PhD student, on the basis of exclusive dedication, under the terms of UCP&#8217;s Regulations on Research Grants, to carry out research activities and support the implementation of all project activities of Biobank Manager at the Centre for Interdisciplinary Research [&hellip;]","og_url":"https:\/\/cac-cl.pt\/pt\/call-for-applications-for-a-research-fellowship-for-phd-student\/","og_site_name":"Centro Acad\u00e9mico Cl\u00ednico Cat\u00f3lica Luz (CAC-CL)","article_modified_time":"2026-02-20T13:24:26+00:00","og_image":[{"width":2249,"height":1409,"url":"https:\/\/cac-cl.pt\/wp-content\/uploads\/2024\/04\/cropped-CAC_Logotipo_Principal_Positivo-e1712844263631.png","type":"image\/png"}],"twitter_card":"summary_large_image","twitter_misc":{"Tempo estimado de leitura":"1 minuto"},"schema":{"@context":"https:\/\/schema.org","@graph":[{"@type":"WebPage","@id":"https:\/\/cac-cl.pt\/call-for-applications-for-a-research-fellowship-for-phd-student\/","url":"https:\/\/cac-cl.pt\/call-for-applications-for-a-research-fellowship-for-phd-student\/","name":"CALL FOR APPLICATIONS FOR A RESEARCH FELLOWSHIP FOR PhD STUDENT | Centro Acad\u00e9mico Cl\u00ednico Cat\u00f3lica Luz (CAC-CL)","isPartOf":{"@id":"https:\/\/cac-cl.pt\/#website"},"datePublished":"2026-02-20T13:22:15+00:00","dateModified":"2026-02-20T13:24:26+00:00","breadcrumb":{"@id":"https:\/\/cac-cl.pt\/call-for-applications-for-a-research-fellowship-for-phd-student\/#breadcrumb"},"inLanguage":"pt-PT","potentialAction":[{"@type":"ReadAction","target":["https:\/\/cac-cl.pt\/call-for-applications-for-a-research-fellowship-for-phd-student\/"]}]},{"@type":"BreadcrumbList","@id":"https:\/\/cac-cl.pt\/call-for-applications-for-a-research-fellowship-for-phd-student\/#breadcrumb","itemListElement":[{"@type":"ListItem","position":1,"name":"In\u00edcio","item":"https:\/\/cac-cl.pt\/"},{"@type":"ListItem","position":2,"name":"CALL FOR APPLICATIONS FOR A RESEARCH FELLOWSHIP FOR PhD STUDENT"}]},{"@type":"WebSite","@id":"https:\/\/cac-cl.pt\/#website","url":"https:\/\/cac-cl.pt\/","name":"Centro Acad\u00e9mico Cl\u00ednico Cat\u00f3lica Luz (CAC-CL)","description":"Centro Acad\u00e9mico Cl\u00ednico Cat\u00f3lica Luz","publisher":{"@id":"https:\/\/cac-cl.pt\/#organization"},"alternateName":"CAC-CL","potentialAction":[{"@type":"SearchAction","target":{"@type":"EntryPoint","urlTemplate":"https:\/\/cac-cl.pt\/?s={search_term_string}"},"query-input":{"@type":"PropertyValueSpecification","valueRequired":true,"valueName":"search_term_string"}}],"inLanguage":"pt-PT"},{"@type":"Organization","@id":"https:\/\/cac-cl.pt\/#organization","name":"Centro Acad\u00e9mico Cl\u00ednico Cat\u00f3lica Luz (CAC-CL)","alternateName":"CAC-CL","url":"https:\/\/cac-cl.pt\/","logo":{"@type":"ImageObject","inLanguage":"pt-PT","@id":"https:\/\/cac-cl.pt\/#\/schema\/logo\/image\/","url":"https:\/\/cac-cl.pt\/wp-content\/uploads\/2024\/04\/cropped-CAC_Logotipo_Principal_Positivo-e1712844263631.png","contentUrl":"https:\/\/cac-cl.pt\/wp-content\/uploads\/2024\/04\/cropped-CAC_Logotipo_Principal_Positivo-e1712844263631.png","width":2249,"height":1409,"caption":"Centro Acad\u00e9mico Cl\u00ednico Cat\u00f3lica Luz (CAC-CL)"},"image":{"@id":"https:\/\/cac-cl.pt\/#\/schema\/logo\/image\/"},"sameAs":["https:\/\/www.linkedin.com\/company\/caolica-luz-cac\/","https:\/\/www.instagram.com\/caccl.pt\/","https:\/\/pt.pinterest.com\/catolicaluz\/"]}]}},"_links":{"self":[{"href":"https:\/\/cac-cl.pt\/pt\/wp-json\/wp\/v2\/pages\/14546","targetHints":{"allow":["GET"]}}],"collection":[{"href":"https:\/\/cac-cl.pt\/pt\/wp-json\/wp\/v2\/pages"}],"about":[{"href":"https:\/\/cac-cl.pt\/pt\/wp-json\/wp\/v2\/types\/page"}],"author":[{"embeddable":true,"href":"https:\/\/cac-cl.pt\/pt\/wp-json\/wp\/v2\/users\/1"}],"replies":[{"embeddable":true,"href":"https:\/\/cac-cl.pt\/pt\/wp-json\/wp\/v2\/comments?post=14546"}],"version-history":[{"count":4,"href":"https:\/\/cac-cl.pt\/pt\/wp-json\/wp\/v2\/pages\/14546\/revisions"}],"predecessor-version":[{"id":14550,"href":"https:\/\/cac-cl.pt\/pt\/wp-json\/wp\/v2\/pages\/14546\/revisions\/14550"}],"wp:attachment":[{"href":"https:\/\/cac-cl.pt\/pt\/wp-json\/wp\/v2\/media?parent=14546"}],"curies":[{"name":"wp","href":"https:\/\/api.w.org\/{rel}","templated":true}]}}