{"id":14779,"date":"2026-04-29T08:57:48","date_gmt":"2026-04-29T08:57:48","guid":{"rendered":"https:\/\/cac-cl.pt\/?page_id=14779"},"modified":"2026-04-29T09:02:46","modified_gmt":"2026-04-29T09:02:46","slug":"opening-notice-post-doctoral-research-fellowship-bipd","status":"publish","type":"page","link":"https:\/\/cac-cl.pt\/pt\/opening-notice-post-doctoral-research-fellowship-bipd\/","title":{"rendered":"OPENING NOTICE POST-DOCTORAL RESEARCH FELLOWSHIP (BIPD)"},"content":{"rendered":"<div data-elementor-type=\"wp-page\" data-elementor-id=\"14779\" class=\"elementor elementor-14779\">\n\t\t\t\t<div class=\"elementor-element elementor-element-b234667 e-flex e-con-boxed e-con e-parent\" data-id=\"b234667\" data-element_type=\"container\" data-e-type=\"container\">\n\t\t\t\t\t<div class=\"e-con-inner\">\n\t\t\t\t<div class=\"elementor-element elementor-element-92d9b31 elementor-widget elementor-widget-text-editor\" data-id=\"92d9b31\" data-element_type=\"widget\" data-e-type=\"widget\" data-widget_type=\"text-editor.default\">\n\t\t\t\t<div class=\"elementor-widget-container\">\n\t\t\t\t\t\t\t\t\t<p>CBR hereby announces the opening of an international call for applications for one Post-Doctoral Research Fellowship, under the terms of UCP\u2019s regulations on scientific research grants, to carry out research activities in the scientific field of VIROLOGY and CELL BIOLOGY, Funded exclusively by national funds through FCT, I.P., project reference no. 2023.16724, entitled \u201cFrom Viral Invasion to Cellular Homeostasis: Dissecting the Impact of HSV-1 on Centrosome and Cilia Architecture and Regulation.<\/p><p><strong>Application period:\u00a0<\/strong>April 23rd \u2013 May 7th, 2026<\/p><p><strong>Predicted starting date:<\/strong> June 2026<\/p><p><strong>More informations:<\/strong> <a href=\"https:\/\/cbr.fm.ucp.pt\/recrutamento-1\">https:\/\/cbr.fm.ucp.pt\/recrutamento-1<\/a><\/p>\t\t\t\t\t\t\t\t<\/div>\n\t\t\t\t<\/div>\n\t\t\t\t\t<\/div>\n\t\t\t\t<\/div>\n\t\t\t\t<\/div>","protected":false},"excerpt":{"rendered":"<p>CBR hereby announces the opening of an international call for applications for one Post-Doctoral Research Fellowship, under the terms of UCP\u2019s regulations on scientific research grants, to carry out research activities in the scientific field of VIROLOGY and CELL BIOLOGY, Funded exclusively by national funds through FCT, I.P., project reference no. 2023.16724, entitled \u201cFrom Viral [&hellip;]<\/p>\n","protected":false},"author":1,"featured_media":0,"parent":0,"menu_order":0,"comment_status":"closed","ping_status":"closed","template":"","meta":{"_acf_changed":false,"inline_featured_image":false,"footnotes":""},"class_list":["post-14779","page","type-page","status-publish","hentry"],"acf":[],"yoast_head":"<!-- This site is optimized with the Yoast SEO plugin v27.5 - https:\/\/yoast.com\/product\/yoast-seo-wordpress\/ -->\n<title>OPENING NOTICE POST-DOCTORAL RESEARCH FELLOWSHIP (BIPD) | Centro Acad\u00e9mico Cl\u00ednico Cat\u00f3lica Luz (CAC-CL)<\/title>\n<meta name=\"robots\" content=\"index, follow, max-snippet:-1, max-image-preview:large, max-video-preview:-1\" \/>\n<link rel=\"canonical\" href=\"https:\/\/cac-cl.pt\/pt\/opening-notice-post-doctoral-research-fellowship-bipd\/\" \/>\n<meta property=\"og:locale\" content=\"pt_PT\" \/>\n<meta property=\"og:type\" content=\"article\" \/>\n<meta property=\"og:title\" content=\"OPENING NOTICE POST-DOCTORAL RESEARCH FELLOWSHIP (BIPD) | Centro Acad\u00e9mico Cl\u00ednico Cat\u00f3lica Luz (CAC-CL)\" \/>\n<meta property=\"og:description\" content=\"CBR hereby announces the opening of an international call for applications for one Post-Doctoral Research Fellowship, under the terms of UCP\u2019s regulations on scientific research grants, to carry out research activities in the scientific field of VIROLOGY and CELL BIOLOGY, Funded exclusively by national funds through FCT, I.P., project reference no. 2023.16724, entitled \u201cFrom Viral [&hellip;]\" \/>\n<meta property=\"og:url\" content=\"https:\/\/cac-cl.pt\/pt\/opening-notice-post-doctoral-research-fellowship-bipd\/\" \/>\n<meta property=\"og:site_name\" content=\"Centro Acad\u00e9mico Cl\u00ednico Cat\u00f3lica Luz (CAC-CL)\" \/>\n<meta property=\"article:modified_time\" content=\"2026-04-29T09:02:46+00:00\" \/>\n<meta property=\"og:image\" content=\"https:\/\/cac-cl.pt\/wp-content\/uploads\/2024\/04\/cropped-CAC_Logotipo_Principal_Positivo-e1712844263631.png\" \/>\n\t<meta property=\"og:image:width\" content=\"2249\" \/>\n\t<meta property=\"og:image:height\" content=\"1409\" \/>\n\t<meta property=\"og:image:type\" content=\"image\/png\" \/>\n<meta name=\"twitter:card\" content=\"summary_large_image\" \/>\n<meta name=\"twitter:label1\" content=\"Tempo estimado de leitura\" \/>\n\t<meta name=\"twitter:data1\" content=\"1 minuto\" \/>\n<script type=\"application\/ld+json\" class=\"yoast-schema-graph\">{\"@context\":\"https:\\\/\\\/schema.org\",\"@graph\":[{\"@type\":\"WebPage\",\"@id\":\"https:\\\/\\\/cac-cl.pt\\\/opening-notice-post-doctoral-research-fellowship-bipd\\\/\",\"url\":\"https:\\\/\\\/cac-cl.pt\\\/opening-notice-post-doctoral-research-fellowship-bipd\\\/\",\"name\":\"OPENING NOTICE POST-DOCTORAL RESEARCH FELLOWSHIP (BIPD) | Centro Acad\u00e9mico Cl\u00ednico Cat\u00f3lica Luz (CAC-CL)\",\"isPartOf\":{\"@id\":\"https:\\\/\\\/cac-cl.pt\\\/#website\"},\"datePublished\":\"2026-04-29T08:57:48+00:00\",\"dateModified\":\"2026-04-29T09:02:46+00:00\",\"breadcrumb\":{\"@id\":\"https:\\\/\\\/cac-cl.pt\\\/opening-notice-post-doctoral-research-fellowship-bipd\\\/#breadcrumb\"},\"inLanguage\":\"pt-PT\",\"potentialAction\":[{\"@type\":\"ReadAction\",\"target\":[\"https:\\\/\\\/cac-cl.pt\\\/opening-notice-post-doctoral-research-fellowship-bipd\\\/\"]}]},{\"@type\":\"BreadcrumbList\",\"@id\":\"https:\\\/\\\/cac-cl.pt\\\/opening-notice-post-doctoral-research-fellowship-bipd\\\/#breadcrumb\",\"itemListElement\":[{\"@type\":\"ListItem\",\"position\":1,\"name\":\"In\u00edcio\",\"item\":\"https:\\\/\\\/cac-cl.pt\\\/\"},{\"@type\":\"ListItem\",\"position\":2,\"name\":\"OPENING NOTICE POST-DOCTORAL RESEARCH FELLOWSHIP (BIPD)\"}]},{\"@type\":\"WebSite\",\"@id\":\"https:\\\/\\\/cac-cl.pt\\\/#website\",\"url\":\"https:\\\/\\\/cac-cl.pt\\\/\",\"name\":\"Centro Acad\u00e9mico Cl\u00ednico Cat\u00f3lica Luz (CAC-CL)\",\"description\":\"Centro Acad\u00e9mico Cl\u00ednico Cat\u00f3lica Luz\",\"publisher\":{\"@id\":\"https:\\\/\\\/cac-cl.pt\\\/#organization\"},\"alternateName\":\"CAC-CL\",\"potentialAction\":[{\"@type\":\"SearchAction\",\"target\":{\"@type\":\"EntryPoint\",\"urlTemplate\":\"https:\\\/\\\/cac-cl.pt\\\/?s={search_term_string}\"},\"query-input\":{\"@type\":\"PropertyValueSpecification\",\"valueRequired\":true,\"valueName\":\"search_term_string\"}}],\"inLanguage\":\"pt-PT\"},{\"@type\":\"Organization\",\"@id\":\"https:\\\/\\\/cac-cl.pt\\\/#organization\",\"name\":\"Centro Acad\u00e9mico Cl\u00ednico Cat\u00f3lica Luz (CAC-CL)\",\"alternateName\":\"CAC-CL\",\"url\":\"https:\\\/\\\/cac-cl.pt\\\/\",\"logo\":{\"@type\":\"ImageObject\",\"inLanguage\":\"pt-PT\",\"@id\":\"https:\\\/\\\/cac-cl.pt\\\/#\\\/schema\\\/logo\\\/image\\\/\",\"url\":\"https:\\\/\\\/cac-cl.pt\\\/wp-content\\\/uploads\\\/2024\\\/04\\\/cropped-CAC_Logotipo_Principal_Positivo-e1712844263631.png\",\"contentUrl\":\"https:\\\/\\\/cac-cl.pt\\\/wp-content\\\/uploads\\\/2024\\\/04\\\/cropped-CAC_Logotipo_Principal_Positivo-e1712844263631.png\",\"width\":2249,\"height\":1409,\"caption\":\"Centro Acad\u00e9mico Cl\u00ednico Cat\u00f3lica Luz (CAC-CL)\"},\"image\":{\"@id\":\"https:\\\/\\\/cac-cl.pt\\\/#\\\/schema\\\/logo\\\/image\\\/\"},\"sameAs\":[\"https:\\\/\\\/www.linkedin.com\\\/company\\\/caolica-luz-cac\\\/\",\"https:\\\/\\\/www.instagram.com\\\/caccl.pt\\\/\",\"https:\\\/\\\/pt.pinterest.com\\\/catolicaluz\\\/\"]}]}<\/script>\n<!-- \/ Yoast SEO plugin. -->","yoast_head_json":{"title":"OPENING NOTICE POST-DOCTORAL RESEARCH FELLOWSHIP (BIPD) | Centro Acad\u00e9mico Cl\u00ednico Cat\u00f3lica Luz (CAC-CL)","robots":{"index":"index","follow":"follow","max-snippet":"max-snippet:-1","max-image-preview":"max-image-preview:large","max-video-preview":"max-video-preview:-1"},"canonical":"https:\/\/cac-cl.pt\/pt\/opening-notice-post-doctoral-research-fellowship-bipd\/","og_locale":"pt_PT","og_type":"article","og_title":"OPENING NOTICE POST-DOCTORAL RESEARCH FELLOWSHIP (BIPD) | Centro Acad\u00e9mico Cl\u00ednico Cat\u00f3lica Luz (CAC-CL)","og_description":"CBR hereby announces the opening of an international call for applications for one Post-Doctoral Research Fellowship, under the terms of UCP\u2019s regulations on scientific research grants, to carry out research activities in the scientific field of VIROLOGY and CELL BIOLOGY, Funded exclusively by national funds through FCT, I.P., project reference no. 2023.16724, entitled \u201cFrom Viral [&hellip;]","og_url":"https:\/\/cac-cl.pt\/pt\/opening-notice-post-doctoral-research-fellowship-bipd\/","og_site_name":"Centro Acad\u00e9mico Cl\u00ednico Cat\u00f3lica Luz (CAC-CL)","article_modified_time":"2026-04-29T09:02:46+00:00","og_image":[{"width":2249,"height":1409,"url":"https:\/\/cac-cl.pt\/wp-content\/uploads\/2024\/04\/cropped-CAC_Logotipo_Principal_Positivo-e1712844263631.png","type":"image\/png"}],"twitter_card":"summary_large_image","twitter_misc":{"Tempo estimado de leitura":"1 minuto"},"schema":{"@context":"https:\/\/schema.org","@graph":[{"@type":"WebPage","@id":"https:\/\/cac-cl.pt\/opening-notice-post-doctoral-research-fellowship-bipd\/","url":"https:\/\/cac-cl.pt\/opening-notice-post-doctoral-research-fellowship-bipd\/","name":"OPENING NOTICE POST-DOCTORAL RESEARCH FELLOWSHIP (BIPD) | Centro Acad\u00e9mico Cl\u00ednico Cat\u00f3lica Luz (CAC-CL)","isPartOf":{"@id":"https:\/\/cac-cl.pt\/#website"},"datePublished":"2026-04-29T08:57:48+00:00","dateModified":"2026-04-29T09:02:46+00:00","breadcrumb":{"@id":"https:\/\/cac-cl.pt\/opening-notice-post-doctoral-research-fellowship-bipd\/#breadcrumb"},"inLanguage":"pt-PT","potentialAction":[{"@type":"ReadAction","target":["https:\/\/cac-cl.pt\/opening-notice-post-doctoral-research-fellowship-bipd\/"]}]},{"@type":"BreadcrumbList","@id":"https:\/\/cac-cl.pt\/opening-notice-post-doctoral-research-fellowship-bipd\/#breadcrumb","itemListElement":[{"@type":"ListItem","position":1,"name":"In\u00edcio","item":"https:\/\/cac-cl.pt\/"},{"@type":"ListItem","position":2,"name":"OPENING NOTICE POST-DOCTORAL RESEARCH FELLOWSHIP (BIPD)"}]},{"@type":"WebSite","@id":"https:\/\/cac-cl.pt\/#website","url":"https:\/\/cac-cl.pt\/","name":"Centro Acad\u00e9mico Cl\u00ednico Cat\u00f3lica Luz (CAC-CL)","description":"Centro Acad\u00e9mico Cl\u00ednico Cat\u00f3lica Luz","publisher":{"@id":"https:\/\/cac-cl.pt\/#organization"},"alternateName":"CAC-CL","potentialAction":[{"@type":"SearchAction","target":{"@type":"EntryPoint","urlTemplate":"https:\/\/cac-cl.pt\/?s={search_term_string}"},"query-input":{"@type":"PropertyValueSpecification","valueRequired":true,"valueName":"search_term_string"}}],"inLanguage":"pt-PT"},{"@type":"Organization","@id":"https:\/\/cac-cl.pt\/#organization","name":"Centro Acad\u00e9mico Cl\u00ednico Cat\u00f3lica Luz (CAC-CL)","alternateName":"CAC-CL","url":"https:\/\/cac-cl.pt\/","logo":{"@type":"ImageObject","inLanguage":"pt-PT","@id":"https:\/\/cac-cl.pt\/#\/schema\/logo\/image\/","url":"https:\/\/cac-cl.pt\/wp-content\/uploads\/2024\/04\/cropped-CAC_Logotipo_Principal_Positivo-e1712844263631.png","contentUrl":"https:\/\/cac-cl.pt\/wp-content\/uploads\/2024\/04\/cropped-CAC_Logotipo_Principal_Positivo-e1712844263631.png","width":2249,"height":1409,"caption":"Centro Acad\u00e9mico Cl\u00ednico Cat\u00f3lica Luz (CAC-CL)"},"image":{"@id":"https:\/\/cac-cl.pt\/#\/schema\/logo\/image\/"},"sameAs":["https:\/\/www.linkedin.com\/company\/caolica-luz-cac\/","https:\/\/www.instagram.com\/caccl.pt\/","https:\/\/pt.pinterest.com\/catolicaluz\/"]}]}},"_links":{"self":[{"href":"https:\/\/cac-cl.pt\/pt\/wp-json\/wp\/v2\/pages\/14779","targetHints":{"allow":["GET"]}}],"collection":[{"href":"https:\/\/cac-cl.pt\/pt\/wp-json\/wp\/v2\/pages"}],"about":[{"href":"https:\/\/cac-cl.pt\/pt\/wp-json\/wp\/v2\/types\/page"}],"author":[{"embeddable":true,"href":"https:\/\/cac-cl.pt\/pt\/wp-json\/wp\/v2\/users\/1"}],"replies":[{"embeddable":true,"href":"https:\/\/cac-cl.pt\/pt\/wp-json\/wp\/v2\/comments?post=14779"}],"version-history":[{"count":10,"href":"https:\/\/cac-cl.pt\/pt\/wp-json\/wp\/v2\/pages\/14779\/revisions"}],"predecessor-version":[{"id":14790,"href":"https:\/\/cac-cl.pt\/pt\/wp-json\/wp\/v2\/pages\/14779\/revisions\/14790"}],"wp:attachment":[{"href":"https:\/\/cac-cl.pt\/pt\/wp-json\/wp\/v2\/media?parent=14779"}],"curies":[{"name":"wp","href":"https:\/\/api.w.org\/{rel}","templated":true}]}}